{"id":7176,"date":"2025-09-23T23:28:49","date_gmt":"2025-09-23T21:28:49","guid":{"rendered":"https:\/\/glendajewels.com\/prodotto\/anello-golden-circle\/"},"modified":"2025-09-23T23:28:49","modified_gmt":"2025-09-23T21:28:49","slug":"anello-golden-circle","status":"publish","type":"product","link":"https:\/\/glendajewels.com\/en\/product\/anello-golden-circle\/","title":{"rendered":"Anello &#8211; Golden Circle"},"content":{"rendered":"<div class=\"product-detail-description-text col-12 col-md-6\">\n<p>L&#8217;Anello Golden Circle brilla in colore argento ed \u00e8 decorato con scintillanti pietre di zirconia cubica sul gambo. \u00c8 inoltre ornato da un cerchio placcato oro al centro. Il delicato anello \u00e8 realizzato in argento Sterling 925 rodiato ed \u00e8 un gioiello elegante e discreto che pu\u00f2 essere indossato sia nella vita quotidiana che nelle occasioni speciali.<\/p>\n<p><\/p>\n<ul>\n<li>Anello<\/li>\n<li>Color argento, color oro<\/li>\n<li>Argento 925<\/li>\n<li>Placcato in rodio, placcato in oro<\/li>\n<li>Zirconi<\/li>\n<li>Bicolore<\/li>\n<\/ul>\n<p><strong>Misura: <\/strong>variabile<\/p>\n<p><strong>Larghezza: <\/strong>0,1 cm<\/p>\n<\/div>","protected":false},"excerpt":{"rendered":"<p>L&#8217;Anello Golden Circle brilla in colore argento ed \u00e8 decorato con scintillanti pietre di zirconia cubica sul gambo. \u00c8 inoltre ornato da un cerchio placcato oro al centro. Il delicato anello \u00e8 realizza&#8230;<\/p>","protected":false},"featured_media":7174,"comment_status":"open","ping_status":"closed","template":"","meta":{"neve_meta_sidebar":"","neve_meta_container":"","neve_meta_enable_content_width":"","neve_meta_content_width":0,"neve_meta_title_alignment":"","neve_meta_author_avatar":"","neve_post_elements_order":"","neve_meta_disable_header":"","neve_meta_disable_footer":"","neve_meta_disable_title":"","neve_meta_reading_time":"","_themeisle_gutenberg_block_has_review":false},"product_brand":[],"product_cat":[44],"product_tag":[],"class_list":{"0":"post-7176","1":"product","2":"type-product","3":"status-publish","4":"has-post-thumbnail","6":"product_cat-ispirazione","8":"first","9":"instock","10":"shipping-taxable","11":"purchasable","12":"product-type-simple"},"_links":{"self":[{"href":"https:\/\/glendajewels.com\/en\/wp-json\/wp\/v2\/product\/7176","targetHints":{"allow":["GET"]}}],"collection":[{"href":"https:\/\/glendajewels.com\/en\/wp-json\/wp\/v2\/product"}],"about":[{"href":"https:\/\/glendajewels.com\/en\/wp-json\/wp\/v2\/types\/product"}],"replies":[{"embeddable":true,"href":"https:\/\/glendajewels.com\/en\/wp-json\/wp\/v2\/comments?post=7176"}],"wp:featuredmedia":[{"embeddable":true,"href":"https:\/\/glendajewels.com\/en\/wp-json\/wp\/v2\/media\/7174"}],"wp:attachment":[{"href":"https:\/\/glendajewels.com\/en\/wp-json\/wp\/v2\/media?parent=7176"}],"wp:term":[{"taxonomy":"product_brand","embeddable":true,"href":"https:\/\/glendajewels.com\/en\/wp-json\/wp\/v2\/product_brand?post=7176"},{"taxonomy":"product_cat","embeddable":true,"href":"https:\/\/glendajewels.com\/en\/wp-json\/wp\/v2\/product_cat?post=7176"},{"taxonomy":"product_tag","embeddable":true,"href":"https:\/\/glendajewels.com\/en\/wp-json\/wp\/v2\/product_tag?post=7176"}],"curies":[{"name":"wp","href":"https:\/\/api.w.org\/{rel}","templated":true}]}}