{"id":7154,"date":"2025-09-23T23:28:05","date_gmt":"2025-09-23T21:28:05","guid":{"rendered":"https:\/\/glendajewels.com\/prodotto\/anello-bicolor-statement\/"},"modified":"2025-09-23T23:28:05","modified_gmt":"2025-09-23T21:28:05","slug":"anello-bicolor-statement","status":"publish","type":"product","link":"https:\/\/glendajewels.com\/en\/product\/anello-bicolor-statement\/","title":{"rendered":"Anello &#8211; Bicolor Statement"},"content":{"rendered":"<div class=\"product-detail-description-text col-12 col-md-6\">\n<p>L&#8217;anello &#8211; Bicolor Statement brilla per met\u00e0 in argento e per met\u00e0 in oro. L&#8217;accessorio statement pu\u00f2 essere perfettamente abbinato ad altri gioielli bicolore.<\/p>\n<p><\/p>\n<ul>\n<li>Anello<\/li>\n<li>Color oro, color argento<\/li>\n<li>Bicolore<\/li>\n<li>dichiarazione<\/li>\n<li>Elasticizzato<\/li>\n<\/ul>\n<p><strong>Misura: <\/strong>estensibile<\/p>\n<p><strong>Larghezza: <\/strong>2,5 cm<\/p>\n<\/div>","protected":false},"excerpt":{"rendered":"<p>L&#8217;anello &#8211; Bicolor Statement brilla per met\u00e0 in argento e per met\u00e0 in oro. L&#8217;accessorio statement pu\u00f2 essere perfettamente abbinato ad altri gioielli bicolore.AnelloColor oro, color argentoBicoloredic&#8230;<\/p>","protected":false},"featured_media":7153,"comment_status":"open","ping_status":"closed","template":"","meta":{"neve_meta_sidebar":"","neve_meta_container":"","neve_meta_enable_content_width":"","neve_meta_content_width":0,"neve_meta_title_alignment":"","neve_meta_author_avatar":"","neve_post_elements_order":"","neve_meta_disable_header":"","neve_meta_disable_footer":"","neve_meta_disable_title":"","neve_meta_reading_time":"","_themeisle_gutenberg_block_has_review":false},"product_brand":[],"product_cat":[44],"product_tag":[],"class_list":{"0":"post-7154","1":"product","2":"type-product","3":"status-publish","4":"has-post-thumbnail","6":"product_cat-ispirazione","8":"first","9":"instock","10":"shipping-taxable","11":"purchasable","12":"product-type-simple"},"_links":{"self":[{"href":"https:\/\/glendajewels.com\/en\/wp-json\/wp\/v2\/product\/7154","targetHints":{"allow":["GET"]}}],"collection":[{"href":"https:\/\/glendajewels.com\/en\/wp-json\/wp\/v2\/product"}],"about":[{"href":"https:\/\/glendajewels.com\/en\/wp-json\/wp\/v2\/types\/product"}],"replies":[{"embeddable":true,"href":"https:\/\/glendajewels.com\/en\/wp-json\/wp\/v2\/comments?post=7154"}],"wp:featuredmedia":[{"embeddable":true,"href":"https:\/\/glendajewels.com\/en\/wp-json\/wp\/v2\/media\/7153"}],"wp:attachment":[{"href":"https:\/\/glendajewels.com\/en\/wp-json\/wp\/v2\/media?parent=7154"}],"wp:term":[{"taxonomy":"product_brand","embeddable":true,"href":"https:\/\/glendajewels.com\/en\/wp-json\/wp\/v2\/product_brand?post=7154"},{"taxonomy":"product_cat","embeddable":true,"href":"https:\/\/glendajewels.com\/en\/wp-json\/wp\/v2\/product_cat?post=7154"},{"taxonomy":"product_tag","embeddable":true,"href":"https:\/\/glendajewels.com\/en\/wp-json\/wp\/v2\/product_tag?post=7154"}],"curies":[{"name":"wp","href":"https:\/\/api.w.org\/{rel}","templated":true}]}}