{"id":7128,"date":"2025-09-23T23:27:19","date_gmt":"2025-09-23T21:27:19","guid":{"rendered":"https:\/\/glendajewels.com\/prodotto\/braccialetto-agate-pearls\/"},"modified":"2025-09-23T23:27:19","modified_gmt":"2025-09-23T21:27:19","slug":"braccialetto-agate-pearls","status":"publish","type":"product","link":"https:\/\/glendajewels.com\/en\/product\/braccialetto-agate-pearls\/","title":{"rendered":"Braccialetto &#8211; Agate Pearls"},"content":{"rendered":"<div class=\"product-detail-description-text col-12 col-md-6\">\n<p>Il Braccialetto &#8211; Agate Pearls \u00e8 composto da piccole perle realizzate con la vera pietra preziosa dell&#8217;agata. Il centro \u00e8 ornato da una piastrina dorata e da due perle d&#8217;acqua dolce coltivate bianche e brillanti.<\/p>\n<p><\/p>\n<ul>\n<li>Braccialetto<\/li>\n<li>Verde, color oro<\/li>\n<li>Pietra preziosa: Agata<\/li>\n<li>Perle d&#8217;acqua dolce coltivate<\/li>\n<li>Piastrina<\/li>\n<li>Con catenina di prolungamento<\/li>\n<\/ul>\n<p><strong>Lunghezza: <\/strong>18,5 &#8211; 23,5 cm<\/p>\n<p><strong>Larghezza:<\/strong> 0,4 cm<\/p>\n<p><strong class=\"artikelTextHinweisColor\">Nota:<\/strong> la pietra preziosa \u00e8 un prodotto naturale e pu\u00f2 quindi variare in grana e colore. Ogni gioiello \u00e8 quindi unico e pu\u00f2 differire dall&#8217;immagine del prodotto.<\/p>\n<\/div>","protected":false},"excerpt":{"rendered":"<p>Il Braccialetto &#8211; Agate Pearls \u00e8 composto da piccole perle realizzate con la vera pietra preziosa dell&#8217;agata. Il centro \u00e8 ornato da una piastrina dorata e da due perle d&#8217;acqua dolce coltivate bianche &#8230;<\/p>","protected":false},"featured_media":7125,"comment_status":"open","ping_status":"closed","template":"","meta":{"neve_meta_sidebar":"","neve_meta_container":"","neve_meta_enable_content_width":"","neve_meta_content_width":0,"neve_meta_title_alignment":"","neve_meta_author_avatar":"","neve_post_elements_order":"","neve_meta_disable_header":"","neve_meta_disable_footer":"","neve_meta_disable_title":"","neve_meta_reading_time":"","_themeisle_gutenberg_block_has_review":false},"product_brand":[],"product_cat":[44],"product_tag":[],"class_list":{"0":"post-7128","1":"product","2":"type-product","3":"status-publish","4":"has-post-thumbnail","6":"product_cat-ispirazione","8":"first","9":"instock","10":"shipping-taxable","11":"purchasable","12":"product-type-simple"},"_links":{"self":[{"href":"https:\/\/glendajewels.com\/en\/wp-json\/wp\/v2\/product\/7128","targetHints":{"allow":["GET"]}}],"collection":[{"href":"https:\/\/glendajewels.com\/en\/wp-json\/wp\/v2\/product"}],"about":[{"href":"https:\/\/glendajewels.com\/en\/wp-json\/wp\/v2\/types\/product"}],"replies":[{"embeddable":true,"href":"https:\/\/glendajewels.com\/en\/wp-json\/wp\/v2\/comments?post=7128"}],"wp:featuredmedia":[{"embeddable":true,"href":"https:\/\/glendajewels.com\/en\/wp-json\/wp\/v2\/media\/7125"}],"wp:attachment":[{"href":"https:\/\/glendajewels.com\/en\/wp-json\/wp\/v2\/media?parent=7128"}],"wp:term":[{"taxonomy":"product_brand","embeddable":true,"href":"https:\/\/glendajewels.com\/en\/wp-json\/wp\/v2\/product_brand?post=7128"},{"taxonomy":"product_cat","embeddable":true,"href":"https:\/\/glendajewels.com\/en\/wp-json\/wp\/v2\/product_cat?post=7128"},{"taxonomy":"product_tag","embeddable":true,"href":"https:\/\/glendajewels.com\/en\/wp-json\/wp\/v2\/product_tag?post=7128"}],"curies":[{"name":"wp","href":"https:\/\/api.w.org\/{rel}","templated":true}]}}