{"id":7083,"date":"2025-09-23T23:26:45","date_gmt":"2025-09-23T21:26:45","guid":{"rendered":"https:\/\/glendajewels.com\/prodotto\/orecchini-a-pendente-sunny-amber\/"},"modified":"2025-09-23T23:26:45","modified_gmt":"2025-09-23T21:26:45","slug":"orecchini-a-pendente-sunny-amber","status":"publish","type":"product","link":"https:\/\/glendajewels.com\/en\/product\/orecchini-a-pendente-sunny-amber\/","title":{"rendered":"Orecchini a pendente &#8211; Sunny Amber"},"content":{"rendered":"<div class=\"product-detail-description-text col-12 col-md-6\">\n<p>Gli Orecchini a pendente &#8211; Sunny Amber brillano di colore oro e sono realizzati in argento Sterling 925. La superficie \u00e8 placcata in oro. Gli orecchini hanno la forma di un sole e sono ornati da una vera pietra d&#8217;ambra al centro.<\/p>\n<p><\/p>\n<ul>\n<li>Orecchini a pendente<\/li>\n<li>Color oro, marrone<\/li>\n<li>Argento 925<\/li>\n<li>Sole<\/li>\n<li>Pietra preziosa: Ambra<\/li>\n<\/ul>\n<p><strong>Lunghezza: <\/strong>2,7 cm<\/p>\n<p><strong>Larghezza: <\/strong>1,2 cm<\/p>\n<p><strong>Nota:<\/strong> la pietra preziosa \u00e8 un prodotto naturale e pu\u00f2 quindi variare in grana e colore. Ogni gioiello \u00e8 quindi unico e pu\u00f2 differire dall&#8217;immagine del prodotto.<\/p>\n<\/div>","protected":false},"excerpt":{"rendered":"<p>Gli Orecchini a pendente &#8211; Sunny Amber brillano di colore oro e sono realizzati in argento Sterling 925. La superficie \u00e8 placcata in oro. Gli orecchini hanno la forma di un sole e sono ornati da una v&#8230;<\/p>","protected":false},"featured_media":7078,"comment_status":"open","ping_status":"closed","template":"","meta":{"neve_meta_sidebar":"","neve_meta_container":"","neve_meta_enable_content_width":"","neve_meta_content_width":0,"neve_meta_title_alignment":"","neve_meta_author_avatar":"","neve_post_elements_order":"","neve_meta_disable_header":"","neve_meta_disable_footer":"","neve_meta_disable_title":"","neve_meta_reading_time":"","_themeisle_gutenberg_block_has_review":false},"product_brand":[],"product_cat":[44],"product_tag":[],"class_list":{"0":"post-7083","1":"product","2":"type-product","3":"status-publish","4":"has-post-thumbnail","6":"product_cat-ispirazione","8":"first","9":"instock","10":"shipping-taxable","11":"purchasable","12":"product-type-simple"},"_links":{"self":[{"href":"https:\/\/glendajewels.com\/en\/wp-json\/wp\/v2\/product\/7083","targetHints":{"allow":["GET"]}}],"collection":[{"href":"https:\/\/glendajewels.com\/en\/wp-json\/wp\/v2\/product"}],"about":[{"href":"https:\/\/glendajewels.com\/en\/wp-json\/wp\/v2\/types\/product"}],"replies":[{"embeddable":true,"href":"https:\/\/glendajewels.com\/en\/wp-json\/wp\/v2\/comments?post=7083"}],"wp:featuredmedia":[{"embeddable":true,"href":"https:\/\/glendajewels.com\/en\/wp-json\/wp\/v2\/media\/7078"}],"wp:attachment":[{"href":"https:\/\/glendajewels.com\/en\/wp-json\/wp\/v2\/media?parent=7083"}],"wp:term":[{"taxonomy":"product_brand","embeddable":true,"href":"https:\/\/glendajewels.com\/en\/wp-json\/wp\/v2\/product_brand?post=7083"},{"taxonomy":"product_cat","embeddable":true,"href":"https:\/\/glendajewels.com\/en\/wp-json\/wp\/v2\/product_cat?post=7083"},{"taxonomy":"product_tag","embeddable":true,"href":"https:\/\/glendajewels.com\/en\/wp-json\/wp\/v2\/product_tag?post=7083"}],"curies":[{"name":"wp","href":"https:\/\/api.w.org\/{rel}","templated":true}]}}