{"id":6972,"date":"2025-09-23T23:25:01","date_gmt":"2025-09-23T21:25:01","guid":{"rendered":"https:\/\/glendajewels.com\/prodotto\/borsetta-fancy-elegance\/"},"modified":"2025-09-23T23:25:01","modified_gmt":"2025-09-23T21:25:01","slug":"borsetta-fancy-elegance","status":"publish","type":"product","link":"https:\/\/glendajewels.com\/en\/product\/borsetta-fancy-elegance\/","title":{"rendered":"Borsetta &#8211; Fancy Elegance"},"content":{"rendered":"<div class=\"product-detail-description-text col-12 col-md-6\">\n<p>La Borsetta Fancy Elegance \u00e8 realizzata in ecopelle nera ed \u00e8 decorata con frange sul davanti e sul retro. La fodera interna \u00e8 nera e all&#8217;interno \u00e8 presente un piccolo Ventaglio con cerniera. La Borsetta, insolita ma classica, si chiude con una zip. <\/p>\n<p><\/p>\n<ul>\n<li>Borsetta<\/li>\n<li>nero<\/li>\n<li>ecopelle<\/li>\n<li>Frange<\/li>\n<li>Chiusura a zip<\/li>\n<li>Fodera interna nera<\/li>\n<li>Scomparto interno con zip<\/li>\n<li>Tracolla<\/li>\n<\/ul>\n<p><strong>Dimensioni <\/strong>: 19 x 22 x 5 cm<\/p>\n<p><strong>Lunghezza della Tracolla:<\/strong> 110 cm<\/p>\n<\/div>","protected":false},"excerpt":{"rendered":"<p>La Borsetta Fancy Elegance \u00e8 realizzata in ecopelle nera ed \u00e8 decorata con frange sul davanti e sul retro. La fodera interna \u00e8 nera e all&#8217;interno \u00e8 presente un piccolo Ventaglio con cerniera. La Borse&#8230;<\/p>","protected":false},"featured_media":6969,"comment_status":"open","ping_status":"closed","template":"","meta":{"neve_meta_sidebar":"","neve_meta_container":"","neve_meta_enable_content_width":"","neve_meta_content_width":0,"neve_meta_title_alignment":"","neve_meta_author_avatar":"","neve_post_elements_order":"","neve_meta_disable_header":"","neve_meta_disable_footer":"","neve_meta_disable_title":"","neve_meta_reading_time":"","_themeisle_gutenberg_block_has_review":false},"product_brand":[],"product_cat":[44],"product_tag":[],"class_list":{"0":"post-6972","1":"product","2":"type-product","3":"status-publish","4":"has-post-thumbnail","6":"product_cat-ispirazione","8":"first","9":"instock","10":"shipping-taxable","11":"purchasable","12":"product-type-simple"},"_links":{"self":[{"href":"https:\/\/glendajewels.com\/en\/wp-json\/wp\/v2\/product\/6972","targetHints":{"allow":["GET"]}}],"collection":[{"href":"https:\/\/glendajewels.com\/en\/wp-json\/wp\/v2\/product"}],"about":[{"href":"https:\/\/glendajewels.com\/en\/wp-json\/wp\/v2\/types\/product"}],"replies":[{"embeddable":true,"href":"https:\/\/glendajewels.com\/en\/wp-json\/wp\/v2\/comments?post=6972"}],"wp:featuredmedia":[{"embeddable":true,"href":"https:\/\/glendajewels.com\/en\/wp-json\/wp\/v2\/media\/6969"}],"wp:attachment":[{"href":"https:\/\/glendajewels.com\/en\/wp-json\/wp\/v2\/media?parent=6972"}],"wp:term":[{"taxonomy":"product_brand","embeddable":true,"href":"https:\/\/glendajewels.com\/en\/wp-json\/wp\/v2\/product_brand?post=6972"},{"taxonomy":"product_cat","embeddable":true,"href":"https:\/\/glendajewels.com\/en\/wp-json\/wp\/v2\/product_cat?post=6972"},{"taxonomy":"product_tag","embeddable":true,"href":"https:\/\/glendajewels.com\/en\/wp-json\/wp\/v2\/product_tag?post=6972"}],"curies":[{"name":"wp","href":"https:\/\/api.w.org\/{rel}","templated":true}]}}