{"id":6968,"date":"2025-09-23T23:24:54","date_gmt":"2025-09-23T21:24:54","guid":{"rendered":"https:\/\/glendajewels.com\/prodotto\/bracciale-boho-gems\/"},"modified":"2025-09-23T23:24:54","modified_gmt":"2025-09-23T21:24:54","slug":"bracciale-boho-gems","status":"publish","type":"product","link":"https:\/\/glendajewels.com\/en\/product\/bracciale-boho-gems\/","title":{"rendered":"Bracciale &#8211; Boho Gems"},"content":{"rendered":"<div class=\"product-detail-description-text col-12 col-md-6\">\n<p>Il Bracciale &#8211;<strong> <\/strong>Boho Gems combina due gemme espressive per creare una dichiarazione elegante. \u00c8 ornato da un&#8217;agata rossa ovale e da un occhio di tigre rettangolare. Il Bracciale \u00e8 realizzato in metallo dorato ed \u00e8 facile da aprire e indossare grazie al meccanismo a molla integrato. L&#8217;aspetto naturale delle pietre preziose conferisce al design un moderno fascino boho.<\/p>\n<p><\/p>\n<ul>\n<li>Bracciale<\/li>\n<li>Color oro, rosso, marrone<\/li>\n<li>Pietre preziose: agata, occhio di tigre<\/li>\n<li>Stile boho<\/li>\n<\/ul>\n<p><strong>Diametro interno: <\/strong>6 cm<\/p>\n<p><strong>Larghezza:<\/strong> 0,4 cm<\/p>\n<\/div>","protected":false},"excerpt":{"rendered":"<p>Il Bracciale -Boho Gems combina due gemme espressive per creare una dichiarazione elegante. \u00c8 ornato da un&#8217;agata rossa ovale e da un occhio di tigre rettangolare. Il Bracciale \u00e8 realizzato in metallo &#8230;<\/p>","protected":false},"featured_media":6967,"comment_status":"open","ping_status":"closed","template":"","meta":{"neve_meta_sidebar":"","neve_meta_container":"","neve_meta_enable_content_width":"","neve_meta_content_width":0,"neve_meta_title_alignment":"","neve_meta_author_avatar":"","neve_post_elements_order":"","neve_meta_disable_header":"","neve_meta_disable_footer":"","neve_meta_disable_title":"","neve_meta_reading_time":"","_themeisle_gutenberg_block_has_review":false},"product_brand":[],"product_cat":[44],"product_tag":[],"class_list":{"0":"post-6968","1":"product","2":"type-product","3":"status-publish","4":"has-post-thumbnail","6":"product_cat-ispirazione","8":"first","9":"instock","10":"shipping-taxable","11":"purchasable","12":"product-type-simple"},"_links":{"self":[{"href":"https:\/\/glendajewels.com\/en\/wp-json\/wp\/v2\/product\/6968","targetHints":{"allow":["GET"]}}],"collection":[{"href":"https:\/\/glendajewels.com\/en\/wp-json\/wp\/v2\/product"}],"about":[{"href":"https:\/\/glendajewels.com\/en\/wp-json\/wp\/v2\/types\/product"}],"replies":[{"embeddable":true,"href":"https:\/\/glendajewels.com\/en\/wp-json\/wp\/v2\/comments?post=6968"}],"wp:featuredmedia":[{"embeddable":true,"href":"https:\/\/glendajewels.com\/en\/wp-json\/wp\/v2\/media\/6967"}],"wp:attachment":[{"href":"https:\/\/glendajewels.com\/en\/wp-json\/wp\/v2\/media?parent=6968"}],"wp:term":[{"taxonomy":"product_brand","embeddable":true,"href":"https:\/\/glendajewels.com\/en\/wp-json\/wp\/v2\/product_brand?post=6968"},{"taxonomy":"product_cat","embeddable":true,"href":"https:\/\/glendajewels.com\/en\/wp-json\/wp\/v2\/product_cat?post=6968"},{"taxonomy":"product_tag","embeddable":true,"href":"https:\/\/glendajewels.com\/en\/wp-json\/wp\/v2\/product_tag?post=6968"}],"curies":[{"name":"wp","href":"https:\/\/api.w.org\/{rel}","templated":true}]}}