{"id":6964,"date":"2025-09-23T23:24:44","date_gmt":"2025-09-23T21:24:44","guid":{"rendered":"https:\/\/glendajewels.com\/prodotto\/braccialetto-different-tigereye\/"},"modified":"2025-09-23T23:24:44","modified_gmt":"2025-09-23T21:24:44","slug":"braccialetto-different-tigereye","status":"publish","type":"product","link":"https:\/\/glendajewels.com\/en\/product\/braccialetto-different-tigereye\/","title":{"rendered":"Braccialetto &#8211; Different Tigereye"},"content":{"rendered":"<div class=\"product-detail-description-text col-12 col-md-6\">\n<p>Il Braccialetto &#8211; Different Tigereye brilla di colore oro ed \u00e8 decorato con un&#8217;ampia variet\u00e0 di Ciondoli. Alcuni sono impreziositi dall&#8217;autentica pietra preziosa dell&#8217;occhio di tigre.<\/p>\n<p><\/p>\n<ul>\n<li>Braccialetto<\/li>\n<li>Color oro, marrone, rosso scuro<\/li>\n<li>Gemma: occhio di tigre<\/li>\n<li>Perla artificiale<\/li>\n<li>Ciondolo: cuore, ovale, palla<\/li>\n<li>Con catenina di prolungamento<\/li>\n<\/ul>\n<p><strong>Lunghezza: <\/strong>20 &#8211; 23 cm<\/p>\n<p><strong>Larghezza:<\/strong> 0,5 cm<\/p>\n<p><strong class=\"artikelTextHinweisColor\">Nota:<\/strong> la pietra preziosa \u00e8 un prodotto naturale e pu\u00f2 quindi variare in grana e colore. Ogni gioiello \u00e8 quindi unico e pu\u00f2 differire dall&#8217;immagine del prodotto.<\/p>\n<\/div>","protected":false},"excerpt":{"rendered":"<p>Il Braccialetto &#8211; Different Tigereye brilla di colore oro ed \u00e8 decorato con un&#8217;ampia variet\u00e0 di Ciondoli. Alcuni sono impreziositi dall&#8217;autentica pietra preziosa dell&#8217;occhio di tigre.BraccialettoColor&#8230;<\/p>","protected":false},"featured_media":6963,"comment_status":"open","ping_status":"closed","template":"","meta":{"neve_meta_sidebar":"","neve_meta_container":"","neve_meta_enable_content_width":"","neve_meta_content_width":0,"neve_meta_title_alignment":"","neve_meta_author_avatar":"","neve_post_elements_order":"","neve_meta_disable_header":"","neve_meta_disable_footer":"","neve_meta_disable_title":"","neve_meta_reading_time":"","_themeisle_gutenberg_block_has_review":false},"product_brand":[],"product_cat":[44],"product_tag":[],"class_list":{"0":"post-6964","1":"product","2":"type-product","3":"status-publish","4":"has-post-thumbnail","6":"product_cat-ispirazione","8":"first","9":"instock","10":"shipping-taxable","11":"purchasable","12":"product-type-simple"},"_links":{"self":[{"href":"https:\/\/glendajewels.com\/en\/wp-json\/wp\/v2\/product\/6964","targetHints":{"allow":["GET"]}}],"collection":[{"href":"https:\/\/glendajewels.com\/en\/wp-json\/wp\/v2\/product"}],"about":[{"href":"https:\/\/glendajewels.com\/en\/wp-json\/wp\/v2\/types\/product"}],"replies":[{"embeddable":true,"href":"https:\/\/glendajewels.com\/en\/wp-json\/wp\/v2\/comments?post=6964"}],"wp:featuredmedia":[{"embeddable":true,"href":"https:\/\/glendajewels.com\/en\/wp-json\/wp\/v2\/media\/6963"}],"wp:attachment":[{"href":"https:\/\/glendajewels.com\/en\/wp-json\/wp\/v2\/media?parent=6964"}],"wp:term":[{"taxonomy":"product_brand","embeddable":true,"href":"https:\/\/glendajewels.com\/en\/wp-json\/wp\/v2\/product_brand?post=6964"},{"taxonomy":"product_cat","embeddable":true,"href":"https:\/\/glendajewels.com\/en\/wp-json\/wp\/v2\/product_cat?post=6964"},{"taxonomy":"product_tag","embeddable":true,"href":"https:\/\/glendajewels.com\/en\/wp-json\/wp\/v2\/product_tag?post=6964"}],"curies":[{"name":"wp","href":"https:\/\/api.w.org\/{rel}","templated":true}]}}