{"id":6948,"date":"2025-09-23T23:22:31","date_gmt":"2025-09-23T21:22:31","guid":{"rendered":"https:\/\/glendajewels.com\/prodotto\/ciondolo-starry-duo\/"},"modified":"2025-09-23T23:22:31","modified_gmt":"2025-09-23T21:22:31","slug":"ciondolo-starry-duo","status":"publish","type":"product","link":"https:\/\/glendajewels.com\/en\/product\/ciondolo-starry-duo\/","title":{"rendered":"Ciondolo &#8211; Starry Duo"},"content":{"rendered":"<div class=\"product-detail-description-text col-12 col-md-6\">\n<p>Il Ciondolo &#8211; Starry Duo \u00e8 un accessorio di tendenza che conferisce a ogni Borsetta un aspetto personalizzato. \u00c8 composto da un cuore nero in ecopelle, la cui parte anteriore \u00e8 rifinita con pelliccia sintetica, e da una stella rossa in ecopelle. Il design \u00e8 completato da due nastri neri e rossi. Il Ciondolo pu\u00f2 essere fissato con due Gancio a moschettone rotondo, il che lo rende versatile e facile da abbinare.<\/p>\n<p><\/p>\n<ul>\n<li>Ciondolo<\/li>\n<li>Nero, rosso<\/li>\n<li>Cuore<\/li>\n<li>Stella<\/li>\n<li>Due cinturini<\/li>\n<li>Gancio a moschettone rotondo<\/li>\n<\/ul>\n<p><strong>Lunghezza: <\/strong>circa 9 cm<\/p>\n<p><strong>Larghezza:<\/strong> circa 9,5 cm<\/p>\n<\/div>","protected":false},"excerpt":{"rendered":"<p>Il Ciondolo &#8211; Starry Duo \u00e8 un accessorio di tendenza che conferisce a ogni Borsetta un aspetto personalizzato. \u00c8 composto da un cuore nero in ecopelle, la cui parte anteriore \u00e8 rifinita con pelliccia &#8230;<\/p>","protected":false},"featured_media":6947,"comment_status":"open","ping_status":"closed","template":"","meta":{"neve_meta_sidebar":"","neve_meta_container":"","neve_meta_enable_content_width":"","neve_meta_content_width":0,"neve_meta_title_alignment":"","neve_meta_author_avatar":"","neve_post_elements_order":"","neve_meta_disable_header":"","neve_meta_disable_footer":"","neve_meta_disable_title":"","neve_meta_reading_time":"","_themeisle_gutenberg_block_has_review":false},"product_brand":[],"product_cat":[43],"product_tag":[],"class_list":{"0":"post-6948","1":"product","2":"type-product","3":"status-publish","4":"has-post-thumbnail","6":"product_cat-accessori","8":"first","9":"instock","10":"shipping-taxable","11":"purchasable","12":"product-type-simple"},"_links":{"self":[{"href":"https:\/\/glendajewels.com\/en\/wp-json\/wp\/v2\/product\/6948","targetHints":{"allow":["GET"]}}],"collection":[{"href":"https:\/\/glendajewels.com\/en\/wp-json\/wp\/v2\/product"}],"about":[{"href":"https:\/\/glendajewels.com\/en\/wp-json\/wp\/v2\/types\/product"}],"replies":[{"embeddable":true,"href":"https:\/\/glendajewels.com\/en\/wp-json\/wp\/v2\/comments?post=6948"}],"wp:featuredmedia":[{"embeddable":true,"href":"https:\/\/glendajewels.com\/en\/wp-json\/wp\/v2\/media\/6947"}],"wp:attachment":[{"href":"https:\/\/glendajewels.com\/en\/wp-json\/wp\/v2\/media?parent=6948"}],"wp:term":[{"taxonomy":"product_brand","embeddable":true,"href":"https:\/\/glendajewels.com\/en\/wp-json\/wp\/v2\/product_brand?post=6948"},{"taxonomy":"product_cat","embeddable":true,"href":"https:\/\/glendajewels.com\/en\/wp-json\/wp\/v2\/product_cat?post=6948"},{"taxonomy":"product_tag","embeddable":true,"href":"https:\/\/glendajewels.com\/en\/wp-json\/wp\/v2\/product_tag?post=6948"}],"curies":[{"name":"wp","href":"https:\/\/api.w.org\/{rel}","templated":true}]}}