{"id":6944,"date":"2025-09-23T23:22:22","date_gmt":"2025-09-23T21:22:22","guid":{"rendered":"https:\/\/glendajewels.com\/prodotto\/sciarpa-golden-breeze\/"},"modified":"2025-09-23T23:22:22","modified_gmt":"2025-09-23T21:22:22","slug":"sciarpa-golden-breeze","status":"publish","type":"product","link":"https:\/\/glendajewels.com\/en\/product\/sciarpa-golden-breeze\/","title":{"rendered":"Sciarpa &#8211; Golden Breeze"},"content":{"rendered":"<div class=\"product-detail-description-text col-12 col-md-6\">\n<p>La Sciarpa &#8211; Golden Breeze \u00e8 disponibile in un elegante colore bianco ed \u00e8 intrecciata con sottili fili color oro che aggiungono un sottile luccichio. Le frange alle estremit\u00e0 completano con stile il design.<\/p>\n<p><\/p>\n<ul>\n<li>Sciarpa<\/li>\n<li>bianco<\/li>\n<li>Fili d&#8217;oro<\/li>\n<li>Frange<\/li>\n<\/ul>\n<p><strong>Dimensioni: <\/strong>190 x 42 cm<\/p>\n<p><strong>Frange: <\/strong>15 cm<\/p>\n<\/div>","protected":false},"excerpt":{"rendered":"<p>La Sciarpa &#8211; Golden Breeze \u00e8 disponibile in un elegante colore bianco ed \u00e8 intrecciata con sottili fili color oro che aggiungono un sottile luccichio. Le frange alle estremit\u00e0 completano con stile il &#8230;<\/p>","protected":false},"featured_media":6942,"comment_status":"open","ping_status":"closed","template":"","meta":{"neve_meta_sidebar":"","neve_meta_container":"","neve_meta_enable_content_width":"","neve_meta_content_width":0,"neve_meta_title_alignment":"","neve_meta_author_avatar":"","neve_post_elements_order":"","neve_meta_disable_header":"","neve_meta_disable_footer":"","neve_meta_disable_title":"","neve_meta_reading_time":"","_themeisle_gutenberg_block_has_review":false},"product_brand":[],"product_cat":[43],"product_tag":[],"class_list":{"0":"post-6944","1":"product","2":"type-product","3":"status-publish","4":"has-post-thumbnail","6":"product_cat-accessori","8":"first","9":"instock","10":"shipping-taxable","11":"purchasable","12":"product-type-simple"},"_links":{"self":[{"href":"https:\/\/glendajewels.com\/en\/wp-json\/wp\/v2\/product\/6944","targetHints":{"allow":["GET"]}}],"collection":[{"href":"https:\/\/glendajewels.com\/en\/wp-json\/wp\/v2\/product"}],"about":[{"href":"https:\/\/glendajewels.com\/en\/wp-json\/wp\/v2\/types\/product"}],"replies":[{"embeddable":true,"href":"https:\/\/glendajewels.com\/en\/wp-json\/wp\/v2\/comments?post=6944"}],"wp:featuredmedia":[{"embeddable":true,"href":"https:\/\/glendajewels.com\/en\/wp-json\/wp\/v2\/media\/6942"}],"wp:attachment":[{"href":"https:\/\/glendajewels.com\/en\/wp-json\/wp\/v2\/media?parent=6944"}],"wp:term":[{"taxonomy":"product_brand","embeddable":true,"href":"https:\/\/glendajewels.com\/en\/wp-json\/wp\/v2\/product_brand?post=6944"},{"taxonomy":"product_cat","embeddable":true,"href":"https:\/\/glendajewels.com\/en\/wp-json\/wp\/v2\/product_cat?post=6944"},{"taxonomy":"product_tag","embeddable":true,"href":"https:\/\/glendajewels.com\/en\/wp-json\/wp\/v2\/product_tag?post=6944"}],"curies":[{"name":"wp","href":"https:\/\/api.w.org\/{rel}","templated":true}]}}