{"id":6935,"date":"2025-09-23T23:22:01","date_gmt":"2025-09-23T21:22:01","guid":{"rendered":"https:\/\/glendajewels.com\/prodotto\/cappello-alla-pescatora-black-shine\/"},"modified":"2025-09-23T23:22:01","modified_gmt":"2025-09-23T21:22:01","slug":"cappello-alla-pescatora-black-shine","status":"publish","type":"product","link":"https:\/\/glendajewels.com\/en\/product\/cappello-alla-pescatora-black-shine\/","title":{"rendered":"Cappello alla pescatora &#8211; Black Shine"},"content":{"rendered":"<div class=\"product-detail-description-text col-12 col-md-6\">\n<p>Il Cappello alla pescatora &#8211; Black Shine \u00e8 realizzato in ecopelle nera lucida ed \u00e8 decorato con la parola &#8220;Awesome&#8221;. L&#8217;accessorio pu\u00f2 essere abbinato a un&#8217;ampia variet\u00e0 di look ed \u00e8 sicuramente un vero e proprio eye-catcher.<\/p>\n<p><\/p>\n<ul>\n<li>Cappello alla pescatora<\/li>\n<li>nero<\/li>\n<li>Ecopelle<\/li>\n<li>Scritta &#8220;Awesome&#8221; (Fantastico)<\/li>\n<\/ul>\n<p><strong>Misura:<\/strong> 57 cm<\/p>\n<p><strong>Altezza: <\/strong>15 cm<\/p>\n<\/div>","protected":false},"excerpt":{"rendered":"<p>Il Cappello alla pescatora &#8211; Black Shine \u00e8 realizzato in ecopelle nera lucida ed \u00e8 decorato con la parola &#8220;Awesome&#8221;. L&#8217;accessorio pu\u00f2 essere abbinato a un&#8217;ampia variet\u00e0 di look ed \u00e8 sicuramente un ver&#8230;<\/p>","protected":false},"featured_media":6934,"comment_status":"open","ping_status":"closed","template":"","meta":{"neve_meta_sidebar":"","neve_meta_container":"","neve_meta_enable_content_width":"","neve_meta_content_width":0,"neve_meta_title_alignment":"","neve_meta_author_avatar":"","neve_post_elements_order":"","neve_meta_disable_header":"","neve_meta_disable_footer":"","neve_meta_disable_title":"","neve_meta_reading_time":"","_themeisle_gutenberg_block_has_review":false},"product_brand":[],"product_cat":[43],"product_tag":[],"class_list":{"0":"post-6935","1":"product","2":"type-product","3":"status-publish","4":"has-post-thumbnail","6":"product_cat-accessori","8":"first","9":"instock","10":"shipping-taxable","11":"purchasable","12":"product-type-simple"},"_links":{"self":[{"href":"https:\/\/glendajewels.com\/en\/wp-json\/wp\/v2\/product\/6935","targetHints":{"allow":["GET"]}}],"collection":[{"href":"https:\/\/glendajewels.com\/en\/wp-json\/wp\/v2\/product"}],"about":[{"href":"https:\/\/glendajewels.com\/en\/wp-json\/wp\/v2\/types\/product"}],"replies":[{"embeddable":true,"href":"https:\/\/glendajewels.com\/en\/wp-json\/wp\/v2\/comments?post=6935"}],"wp:featuredmedia":[{"embeddable":true,"href":"https:\/\/glendajewels.com\/en\/wp-json\/wp\/v2\/media\/6934"}],"wp:attachment":[{"href":"https:\/\/glendajewels.com\/en\/wp-json\/wp\/v2\/media?parent=6935"}],"wp:term":[{"taxonomy":"product_brand","embeddable":true,"href":"https:\/\/glendajewels.com\/en\/wp-json\/wp\/v2\/product_brand?post=6935"},{"taxonomy":"product_cat","embeddable":true,"href":"https:\/\/glendajewels.com\/en\/wp-json\/wp\/v2\/product_cat?post=6935"},{"taxonomy":"product_tag","embeddable":true,"href":"https:\/\/glendajewels.com\/en\/wp-json\/wp\/v2\/product_tag?post=6935"}],"curies":[{"name":"wp","href":"https:\/\/api.w.org\/{rel}","templated":true}]}}