{"id":6919,"date":"2025-09-23T23:21:27","date_gmt":"2025-09-23T21:21:27","guid":{"rendered":"https:\/\/glendajewels.com\/prodotto\/sciarpa-grey-shade\/"},"modified":"2025-09-23T23:21:27","modified_gmt":"2025-09-23T21:21:27","slug":"sciarpa-grey-shade","status":"publish","type":"product","link":"https:\/\/glendajewels.com\/en\/product\/sciarpa-grey-shade\/","title":{"rendered":"Sciarpa &#8211; Grey Shade"},"content":{"rendered":"<div class=\"product-detail-description-text col-12 col-md-6\">\n<p>La Sciarpa &#8211; Grey Shade \u00e8 disponibile in una semplice tonalit\u00e0 di grigio. Il design senza tempo la rende un accessorio versatile per ogni occasione.<\/p>\n<p><\/p>\n<ul>\n<li>Sciarpa<\/li>\n<li>Tonalit\u00e0 di grigio<\/li>\n<li>Tessuto<\/li>\n<\/ul>\n<p><strong>Dimensioni:<\/strong> 230 x 80 cm<\/p>\n<\/div>","protected":false},"excerpt":{"rendered":"<p>La Sciarpa &#8211; Grey Shade \u00e8 disponibile in una semplice tonalit\u00e0 di grigio. Il design senza tempo la rende un accessorio versatile per ogni occasione.SciarpaTonalit\u00e0 di grigioTessutoDimensioni:230 x 80 &#8230;<\/p>","protected":false},"featured_media":6918,"comment_status":"open","ping_status":"closed","template":"","meta":{"neve_meta_sidebar":"","neve_meta_container":"","neve_meta_enable_content_width":"","neve_meta_content_width":0,"neve_meta_title_alignment":"","neve_meta_author_avatar":"","neve_post_elements_order":"","neve_meta_disable_header":"","neve_meta_disable_footer":"","neve_meta_disable_title":"","neve_meta_reading_time":"","_themeisle_gutenberg_block_has_review":false},"product_brand":[],"product_cat":[43],"product_tag":[],"class_list":{"0":"post-6919","1":"product","2":"type-product","3":"status-publish","4":"has-post-thumbnail","6":"product_cat-accessori","8":"first","9":"instock","10":"shipping-taxable","11":"purchasable","12":"product-type-simple"},"_links":{"self":[{"href":"https:\/\/glendajewels.com\/en\/wp-json\/wp\/v2\/product\/6919","targetHints":{"allow":["GET"]}}],"collection":[{"href":"https:\/\/glendajewels.com\/en\/wp-json\/wp\/v2\/product"}],"about":[{"href":"https:\/\/glendajewels.com\/en\/wp-json\/wp\/v2\/types\/product"}],"replies":[{"embeddable":true,"href":"https:\/\/glendajewels.com\/en\/wp-json\/wp\/v2\/comments?post=6919"}],"wp:featuredmedia":[{"embeddable":true,"href":"https:\/\/glendajewels.com\/en\/wp-json\/wp\/v2\/media\/6918"}],"wp:attachment":[{"href":"https:\/\/glendajewels.com\/en\/wp-json\/wp\/v2\/media?parent=6919"}],"wp:term":[{"taxonomy":"product_brand","embeddable":true,"href":"https:\/\/glendajewels.com\/en\/wp-json\/wp\/v2\/product_brand?post=6919"},{"taxonomy":"product_cat","embeddable":true,"href":"https:\/\/glendajewels.com\/en\/wp-json\/wp\/v2\/product_cat?post=6919"},{"taxonomy":"product_tag","embeddable":true,"href":"https:\/\/glendajewels.com\/en\/wp-json\/wp\/v2\/product_tag?post=6919"}],"curies":[{"name":"wp","href":"https:\/\/api.w.org\/{rel}","templated":true}]}}