{"id":6910,"date":"2025-09-23T23:21:08","date_gmt":"2025-09-23T21:21:08","guid":{"rendered":"https:\/\/glendajewels.com\/prodotto\/forcina-per-capelli-black-lace\/"},"modified":"2025-09-23T23:21:08","modified_gmt":"2025-09-23T21:21:08","slug":"forcina-per-capelli-black-lace","status":"publish","type":"product","link":"https:\/\/glendajewels.com\/en\/product\/forcina-per-capelli-black-lace\/","title":{"rendered":"Forcina per capelli &#8211; Black Lace"},"content":{"rendered":"<div class=\"product-detail-description-text col-12 col-md-6\">\n<p>La Forcina per capelli &#8211; Black Lace \u00e8 realizzata in plastica ed \u00e8 stampata con un motivo di pizzo nero. L&#8217;accessorio per capelli \u00e8 particolarmente adatto per gli updos e gli chignon.<\/p>\n<p><\/p>\n<ul>\n<li>Forcina per capelli<\/li>\n<li>Pizzo nero<\/li>\n<li>pizzo<\/li>\n<li>in plastica<\/li>\n<\/ul>\n<p><strong>Lunghezza: <\/strong>17,5 cm<\/p>\n<p><strong>Larghezza: <\/strong>0,7 cm<\/p>\n<\/div>","protected":false},"excerpt":{"rendered":"<p>La Forcina per capelli &#8211; Black Lace \u00e8 realizzata in plastica ed \u00e8 stampata con un motivo di pizzo nero. L&#8217;accessorio per capelli \u00e8 particolarmente adatto per gli updos e gli chignon.Forcina per capell&#8230;<\/p>","protected":false},"featured_media":6908,"comment_status":"open","ping_status":"closed","template":"","meta":{"neve_meta_sidebar":"","neve_meta_container":"","neve_meta_enable_content_width":"","neve_meta_content_width":0,"neve_meta_title_alignment":"","neve_meta_author_avatar":"","neve_post_elements_order":"","neve_meta_disable_header":"","neve_meta_disable_footer":"","neve_meta_disable_title":"","neve_meta_reading_time":"","_themeisle_gutenberg_block_has_review":false},"product_brand":[],"product_cat":[43],"product_tag":[],"class_list":{"0":"post-6910","1":"product","2":"type-product","3":"status-publish","4":"has-post-thumbnail","6":"product_cat-accessori","8":"first","9":"instock","10":"shipping-taxable","11":"purchasable","12":"product-type-simple"},"_links":{"self":[{"href":"https:\/\/glendajewels.com\/en\/wp-json\/wp\/v2\/product\/6910","targetHints":{"allow":["GET"]}}],"collection":[{"href":"https:\/\/glendajewels.com\/en\/wp-json\/wp\/v2\/product"}],"about":[{"href":"https:\/\/glendajewels.com\/en\/wp-json\/wp\/v2\/types\/product"}],"replies":[{"embeddable":true,"href":"https:\/\/glendajewels.com\/en\/wp-json\/wp\/v2\/comments?post=6910"}],"wp:featuredmedia":[{"embeddable":true,"href":"https:\/\/glendajewels.com\/en\/wp-json\/wp\/v2\/media\/6908"}],"wp:attachment":[{"href":"https:\/\/glendajewels.com\/en\/wp-json\/wp\/v2\/media?parent=6910"}],"wp:term":[{"taxonomy":"product_brand","embeddable":true,"href":"https:\/\/glendajewels.com\/en\/wp-json\/wp\/v2\/product_brand?post=6910"},{"taxonomy":"product_cat","embeddable":true,"href":"https:\/\/glendajewels.com\/en\/wp-json\/wp\/v2\/product_cat?post=6910"},{"taxonomy":"product_tag","embeddable":true,"href":"https:\/\/glendajewels.com\/en\/wp-json\/wp\/v2\/product_tag?post=6910"}],"curies":[{"name":"wp","href":"https:\/\/api.w.org\/{rel}","templated":true}]}}