{"id":6880,"date":"2025-09-23T23:20:04","date_gmt":"2025-09-23T21:20:04","guid":{"rendered":"https:\/\/glendajewels.com\/prodotto\/spilla-colorful-crawler\/"},"modified":"2025-09-23T23:20:04","modified_gmt":"2025-09-23T21:20:04","slug":"spilla-colorful-crawler","status":"publish","type":"product","link":"https:\/\/glendajewels.com\/en\/product\/spilla-colorful-crawler\/","title":{"rendered":"Spilla &#8211; Colorful Crawler"},"content":{"rendered":"<div class=\"product-detail-description-text col-12 col-md-6\">\n<p>La Spilla &#8211; Colourful Crawler ha la forma di un piccolo ragno. Ha una base color oro e il corpo del ragno \u00e8 decorato con molti strass verdi, beige e blu. Al centro si trova uno strass arancione di misura maggiore. La Spilla \u00e8 ideale per Halloween ed \u00e8 anche un vero e proprio richiamo visivo.<\/p>\n<p><\/p>\n<ul>\n<li>Spilla<\/li>\n<li>Oro, verde, blu, beige, arancione<\/li>\n<li>Ragno<\/li>\n<li>Halloween<\/li>\n<\/ul>\n<p><strong>Lunghezza: <\/strong>3,2 cm<\/p>\n<p><strong>Larghezza: <\/strong>3 cm<\/p>\n<\/div>","protected":false},"excerpt":{"rendered":"<p>La Spilla &#8211; Colourful Crawler ha la forma di un piccolo ragno. Ha una base color oro e il corpo del ragno \u00e8 decorato con molti strass verdi, beige e blu. Al centro si trova uno strass arancione di mis&#8230;<\/p>","protected":false},"featured_media":6877,"comment_status":"open","ping_status":"closed","template":"","meta":{"neve_meta_sidebar":"","neve_meta_container":"","neve_meta_enable_content_width":"","neve_meta_content_width":0,"neve_meta_title_alignment":"","neve_meta_author_avatar":"","neve_post_elements_order":"","neve_meta_disable_header":"","neve_meta_disable_footer":"","neve_meta_disable_title":"","neve_meta_reading_time":"","_themeisle_gutenberg_block_has_review":false},"product_brand":[],"product_cat":[43],"product_tag":[],"class_list":{"0":"post-6880","1":"product","2":"type-product","3":"status-publish","4":"has-post-thumbnail","6":"product_cat-accessori","8":"first","9":"instock","10":"shipping-taxable","11":"purchasable","12":"product-type-simple"},"_links":{"self":[{"href":"https:\/\/glendajewels.com\/en\/wp-json\/wp\/v2\/product\/6880","targetHints":{"allow":["GET"]}}],"collection":[{"href":"https:\/\/glendajewels.com\/en\/wp-json\/wp\/v2\/product"}],"about":[{"href":"https:\/\/glendajewels.com\/en\/wp-json\/wp\/v2\/types\/product"}],"replies":[{"embeddable":true,"href":"https:\/\/glendajewels.com\/en\/wp-json\/wp\/v2\/comments?post=6880"}],"wp:featuredmedia":[{"embeddable":true,"href":"https:\/\/glendajewels.com\/en\/wp-json\/wp\/v2\/media\/6877"}],"wp:attachment":[{"href":"https:\/\/glendajewels.com\/en\/wp-json\/wp\/v2\/media?parent=6880"}],"wp:term":[{"taxonomy":"product_brand","embeddable":true,"href":"https:\/\/glendajewels.com\/en\/wp-json\/wp\/v2\/product_brand?post=6880"},{"taxonomy":"product_cat","embeddable":true,"href":"https:\/\/glendajewels.com\/en\/wp-json\/wp\/v2\/product_cat?post=6880"},{"taxonomy":"product_tag","embeddable":true,"href":"https:\/\/glendajewels.com\/en\/wp-json\/wp\/v2\/product_tag?post=6880"}],"curies":[{"name":"wp","href":"https:\/\/api.w.org\/{rel}","templated":true}]}}