{"id":6870,"date":"2025-09-23T23:19:46","date_gmt":"2025-09-23T21:19:46","guid":{"rendered":"https:\/\/glendajewels.com\/prodotto\/spilla-spooky-sparkle\/"},"modified":"2025-09-23T23:19:46","modified_gmt":"2025-09-23T21:19:46","slug":"spilla-spooky-sparkle","status":"publish","type":"product","link":"https:\/\/glendajewels.com\/en\/product\/spilla-spooky-sparkle\/","title":{"rendered":"Spilla &#8211; Spooky Sparkle"},"content":{"rendered":"<div class=\"product-detail-description-text col-12 col-md-6\">\n<p>La Spilla &#8211; Spooky Sparkle ha la forma di un ragno di grandi dimensioni. Ha una base color oro dall&#8217;aspetto antico e il corpo del ragno \u00e8 incastonato di strass neri. Al centro sono presenti due strass grigi a misura. La Spilla \u00e8 ideale per Halloween ed \u00e8 anche un vero e proprio richiamo visivo.<\/p>\n<p><\/p>\n<ul>\n<li>Spilla<\/li>\n<li>Nero, color oro<\/li>\n<li>Ragno<\/li>\n<li>Halloween<\/li>\n<\/ul>\n<p><strong>Lunghezza: <\/strong>8 cm<\/p>\n<p><strong>Larghezza: <\/strong>7 cm<\/p>\n<\/div>","protected":false},"excerpt":{"rendered":"<p>La Spilla &#8211; Spooky Sparkle ha la forma di un ragno di grandi dimensioni. Ha una base color oro dall&#8217;aspetto antico e il corpo del ragno \u00e8 incastonato di strass neri. Al centro sono presenti due strass&#8230;<\/p>","protected":false},"featured_media":6868,"comment_status":"open","ping_status":"closed","template":"","meta":{"neve_meta_sidebar":"","neve_meta_container":"","neve_meta_enable_content_width":"","neve_meta_content_width":0,"neve_meta_title_alignment":"","neve_meta_author_avatar":"","neve_post_elements_order":"","neve_meta_disable_header":"","neve_meta_disable_footer":"","neve_meta_disable_title":"","neve_meta_reading_time":"","_themeisle_gutenberg_block_has_review":false},"product_brand":[],"product_cat":[43],"product_tag":[],"class_list":{"0":"post-6870","1":"product","2":"type-product","3":"status-publish","4":"has-post-thumbnail","6":"product_cat-accessori","8":"first","9":"instock","10":"shipping-taxable","11":"purchasable","12":"product-type-simple"},"_links":{"self":[{"href":"https:\/\/glendajewels.com\/en\/wp-json\/wp\/v2\/product\/6870","targetHints":{"allow":["GET"]}}],"collection":[{"href":"https:\/\/glendajewels.com\/en\/wp-json\/wp\/v2\/product"}],"about":[{"href":"https:\/\/glendajewels.com\/en\/wp-json\/wp\/v2\/types\/product"}],"replies":[{"embeddable":true,"href":"https:\/\/glendajewels.com\/en\/wp-json\/wp\/v2\/comments?post=6870"}],"wp:featuredmedia":[{"embeddable":true,"href":"https:\/\/glendajewels.com\/en\/wp-json\/wp\/v2\/media\/6868"}],"wp:attachment":[{"href":"https:\/\/glendajewels.com\/en\/wp-json\/wp\/v2\/media?parent=6870"}],"wp:term":[{"taxonomy":"product_brand","embeddable":true,"href":"https:\/\/glendajewels.com\/en\/wp-json\/wp\/v2\/product_brand?post=6870"},{"taxonomy":"product_cat","embeddable":true,"href":"https:\/\/glendajewels.com\/en\/wp-json\/wp\/v2\/product_cat?post=6870"},{"taxonomy":"product_tag","embeddable":true,"href":"https:\/\/glendajewels.com\/en\/wp-json\/wp\/v2\/product_tag?post=6870"}],"curies":[{"name":"wp","href":"https:\/\/api.w.org\/{rel}","templated":true}]}}