{"id":6862,"date":"2025-09-23T23:19:30","date_gmt":"2025-09-23T21:19:30","guid":{"rendered":"https:\/\/glendajewels.com\/prodotto\/cerchietto-artistic-knot\/"},"modified":"2025-09-23T23:19:30","modified_gmt":"2025-09-23T21:19:30","slug":"cerchietto-artistic-knot","status":"publish","type":"product","link":"https:\/\/glendajewels.com\/en\/product\/cerchietto-artistic-knot\/","title":{"rendered":"Cerchietto &#8211; Artistic Knot"},"content":{"rendered":"<div class=\"product-detail-description-text col-12 col-md-6\">\n<p>Il Cerchietto &#8211; Artistic Knot \u00e8 realizzato in tessuto nero ed \u00e8 decorato con borchie color argento. Lo splendido accessorio \u00e8 decorato con un bellissimo nodo.<\/p>\n<p><\/p>\n<ul>\n<li>Cerchietto<\/li>\n<li>Nero, color argento<\/li>\n<li>Borchie<\/li>\n<li>Con nodo<\/li>\n<\/ul>\n<p><strong>Lunghezza: <\/strong>estensibile<\/p>\n<p><strong>Larghezza:<\/strong> 6,5 cm<\/p>\n<\/div>","protected":false},"excerpt":{"rendered":"<p>Il Cerchietto &#8211; Artistic Knot \u00e8 realizzato in tessuto nero ed \u00e8 decorato con borchie color argento. Lo splendido accessorio \u00e8 decorato con un bellissimo nodo.CerchiettoNero, color argentoBorchieCon no&#8230;<\/p>","protected":false},"featured_media":6861,"comment_status":"open","ping_status":"closed","template":"","meta":{"neve_meta_sidebar":"","neve_meta_container":"","neve_meta_enable_content_width":"","neve_meta_content_width":0,"neve_meta_title_alignment":"","neve_meta_author_avatar":"","neve_post_elements_order":"","neve_meta_disable_header":"","neve_meta_disable_footer":"","neve_meta_disable_title":"","neve_meta_reading_time":"","_themeisle_gutenberg_block_has_review":false},"product_brand":[],"product_cat":[43],"product_tag":[],"class_list":{"0":"post-6862","1":"product","2":"type-product","3":"status-publish","4":"has-post-thumbnail","6":"product_cat-accessori","8":"first","9":"instock","10":"shipping-taxable","11":"purchasable","12":"product-type-simple"},"_links":{"self":[{"href":"https:\/\/glendajewels.com\/en\/wp-json\/wp\/v2\/product\/6862","targetHints":{"allow":["GET"]}}],"collection":[{"href":"https:\/\/glendajewels.com\/en\/wp-json\/wp\/v2\/product"}],"about":[{"href":"https:\/\/glendajewels.com\/en\/wp-json\/wp\/v2\/types\/product"}],"replies":[{"embeddable":true,"href":"https:\/\/glendajewels.com\/en\/wp-json\/wp\/v2\/comments?post=6862"}],"wp:featuredmedia":[{"embeddable":true,"href":"https:\/\/glendajewels.com\/en\/wp-json\/wp\/v2\/media\/6861"}],"wp:attachment":[{"href":"https:\/\/glendajewels.com\/en\/wp-json\/wp\/v2\/media?parent=6862"}],"wp:term":[{"taxonomy":"product_brand","embeddable":true,"href":"https:\/\/glendajewels.com\/en\/wp-json\/wp\/v2\/product_brand?post=6862"},{"taxonomy":"product_cat","embeddable":true,"href":"https:\/\/glendajewels.com\/en\/wp-json\/wp\/v2\/product_cat?post=6862"},{"taxonomy":"product_tag","embeddable":true,"href":"https:\/\/glendajewels.com\/en\/wp-json\/wp\/v2\/product_tag?post=6862"}],"curies":[{"name":"wp","href":"https:\/\/api.w.org\/{rel}","templated":true}]}}