{"id":6857,"date":"2025-09-23T23:19:21","date_gmt":"2025-09-23T21:19:21","guid":{"rendered":"https:\/\/glendajewels.com\/prodotto\/cerchietto-gleaming-night\/"},"modified":"2025-09-23T23:19:21","modified_gmt":"2025-09-23T21:19:21","slug":"cerchietto-gleaming-night","status":"publish","type":"product","link":"https:\/\/glendajewels.com\/en\/product\/cerchietto-gleaming-night\/","title":{"rendered":"Cerchietto &#8211; Gleaming Night"},"content":{"rendered":"<div class=\"product-detail-description-text col-12 col-md-6\">\n<p>Il Cerchietto &#8211; Gleaming Night \u00e8 realizzato in tessuto di velluto nero ed \u00e8 decorato con strass scintillanti. L&#8217;accessorio \u00e8 decorato con strass scintillanti.<\/p>\n<p><\/p>\n<ul>\n<li>Cerchietto<\/li>\n<li>Velluto nero<\/li>\n<li>Strass<\/li>\n<\/ul>\n<p><strong>Lunghezza: <\/strong>estensibile<\/p>\n<p><strong>Larghezza:<\/strong> 5 cm<\/p>\n<\/div>","protected":false},"excerpt":{"rendered":"<p>Il Cerchietto &#8211; Gleaming Night \u00e8 realizzato in tessuto di velluto nero ed \u00e8 decorato con strass scintillanti. L&#8217;accessorio \u00e8 decorato con strass scintillanti.CerchiettoVelluto neroStrassLunghezza:este&#8230;<\/p>","protected":false},"featured_media":6856,"comment_status":"open","ping_status":"closed","template":"","meta":{"neve_meta_sidebar":"","neve_meta_container":"","neve_meta_enable_content_width":"","neve_meta_content_width":0,"neve_meta_title_alignment":"","neve_meta_author_avatar":"","neve_post_elements_order":"","neve_meta_disable_header":"","neve_meta_disable_footer":"","neve_meta_disable_title":"","neve_meta_reading_time":"","_themeisle_gutenberg_block_has_review":false},"product_brand":[],"product_cat":[43],"product_tag":[],"class_list":{"0":"post-6857","1":"product","2":"type-product","3":"status-publish","4":"has-post-thumbnail","6":"product_cat-accessori","8":"first","9":"instock","10":"shipping-taxable","11":"purchasable","12":"product-type-simple"},"_links":{"self":[{"href":"https:\/\/glendajewels.com\/en\/wp-json\/wp\/v2\/product\/6857","targetHints":{"allow":["GET"]}}],"collection":[{"href":"https:\/\/glendajewels.com\/en\/wp-json\/wp\/v2\/product"}],"about":[{"href":"https:\/\/glendajewels.com\/en\/wp-json\/wp\/v2\/types\/product"}],"replies":[{"embeddable":true,"href":"https:\/\/glendajewels.com\/en\/wp-json\/wp\/v2\/comments?post=6857"}],"wp:featuredmedia":[{"embeddable":true,"href":"https:\/\/glendajewels.com\/en\/wp-json\/wp\/v2\/media\/6856"}],"wp:attachment":[{"href":"https:\/\/glendajewels.com\/en\/wp-json\/wp\/v2\/media?parent=6857"}],"wp:term":[{"taxonomy":"product_brand","embeddable":true,"href":"https:\/\/glendajewels.com\/en\/wp-json\/wp\/v2\/product_brand?post=6857"},{"taxonomy":"product_cat","embeddable":true,"href":"https:\/\/glendajewels.com\/en\/wp-json\/wp\/v2\/product_cat?post=6857"},{"taxonomy":"product_tag","embeddable":true,"href":"https:\/\/glendajewels.com\/en\/wp-json\/wp\/v2\/product_tag?post=6857"}],"curies":[{"name":"wp","href":"https:\/\/api.w.org\/{rel}","templated":true}]}}