{"id":6855,"date":"2025-09-23T23:19:16","date_gmt":"2025-09-23T21:19:16","guid":{"rendered":"https:\/\/glendajewels.com\/prodotto\/cerchietto-furry-leo\/"},"modified":"2025-09-23T23:19:16","modified_gmt":"2025-09-23T21:19:16","slug":"cerchietto-furry-leo","status":"publish","type":"product","link":"https:\/\/glendajewels.com\/en\/product\/cerchietto-furry-leo\/","title":{"rendered":"Cerchietto &#8211; Furry Leo"},"content":{"rendered":"<div class=\"product-detail-description-text col-12 col-md-6\">\n<p>Il Cerchietto &#8211; Furry Leo \u00e8 realizzato in pelliccia sintetica marrone e nera, decorata con un motivo leopardato. L&#8217;accessorio per capelli \u00e8 un vero e proprio eye-catcher ed \u00e8 ottimo da abbinare!<\/p>\n<p><\/p>\n<ul>\n<li>Cerchietto<\/li>\n<li>Marrone, nero<\/li>\n<li>Pelliccia sintetica<\/li>\n<\/ul>\n<p><strong>Lunghezza: <\/strong>estensibile<\/p>\n<p><strong>Larghezza:<\/strong> 3,5 cm<\/p>\n<\/div>","protected":false},"excerpt":{"rendered":"<p>Il Cerchietto &#8211; Furry Leo \u00e8 realizzato in pelliccia sintetica marrone e nera, decorata con un motivo leopardato. L&#8217;accessorio per capelli \u00e8 un vero e proprio eye-catcher ed \u00e8 ottimo da abbinare!Cerchi&#8230;<\/p>","protected":false},"featured_media":6853,"comment_status":"open","ping_status":"closed","template":"","meta":{"neve_meta_sidebar":"","neve_meta_container":"","neve_meta_enable_content_width":"","neve_meta_content_width":0,"neve_meta_title_alignment":"","neve_meta_author_avatar":"","neve_post_elements_order":"","neve_meta_disable_header":"","neve_meta_disable_footer":"","neve_meta_disable_title":"","neve_meta_reading_time":"","_themeisle_gutenberg_block_has_review":false},"product_brand":[],"product_cat":[43],"product_tag":[],"class_list":{"0":"post-6855","1":"product","2":"type-product","3":"status-publish","4":"has-post-thumbnail","6":"product_cat-accessori","8":"first","9":"instock","10":"shipping-taxable","11":"purchasable","12":"product-type-simple"},"_links":{"self":[{"href":"https:\/\/glendajewels.com\/en\/wp-json\/wp\/v2\/product\/6855","targetHints":{"allow":["GET"]}}],"collection":[{"href":"https:\/\/glendajewels.com\/en\/wp-json\/wp\/v2\/product"}],"about":[{"href":"https:\/\/glendajewels.com\/en\/wp-json\/wp\/v2\/types\/product"}],"replies":[{"embeddable":true,"href":"https:\/\/glendajewels.com\/en\/wp-json\/wp\/v2\/comments?post=6855"}],"wp:featuredmedia":[{"embeddable":true,"href":"https:\/\/glendajewels.com\/en\/wp-json\/wp\/v2\/media\/6853"}],"wp:attachment":[{"href":"https:\/\/glendajewels.com\/en\/wp-json\/wp\/v2\/media?parent=6855"}],"wp:term":[{"taxonomy":"product_brand","embeddable":true,"href":"https:\/\/glendajewels.com\/en\/wp-json\/wp\/v2\/product_brand?post=6855"},{"taxonomy":"product_cat","embeddable":true,"href":"https:\/\/glendajewels.com\/en\/wp-json\/wp\/v2\/product_cat?post=6855"},{"taxonomy":"product_tag","embeddable":true,"href":"https:\/\/glendajewels.com\/en\/wp-json\/wp\/v2\/product_tag?post=6855"}],"curies":[{"name":"wp","href":"https:\/\/api.w.org\/{rel}","templated":true}]}}