{"id":6843,"date":"2025-09-23T23:18:48","date_gmt":"2025-09-23T21:18:48","guid":{"rendered":"https:\/\/glendajewels.com\/prodotto\/berretto-white-winter\/"},"modified":"2025-09-23T23:18:48","modified_gmt":"2025-09-23T21:18:48","slug":"berretto-white-winter","status":"publish","type":"product","link":"https:\/\/glendajewels.com\/en\/product\/berretto-white-winter\/","title":{"rendered":"Berretto &#8211; White Winter"},"content":{"rendered":"<div class=\"product-detail-description-text col-12 col-md-6\">\n<p>Il Berretto &#8211; White Winter \u00e8 bianco e lavorato a maglia. Questo accessorio invernale \u00e8 decorato con un bellissimo pompon ed \u00e8 la base perfetta per la stagione fredda!<\/p>\n<p><\/p>\n<ul>\n<li>Berretto<\/li>\n<li>bianco<\/li>\n<li>Lavorato a maglia<\/li>\n<li>Con pompon<\/li>\n<\/ul>\n<p><strong>Lunghezza: <\/strong>24 cm<\/p>\n<p><strong>Larghezza:<\/strong> 21 cm<\/p>\n<\/div>","protected":false},"excerpt":{"rendered":"<p>Il Berretto &#8211; White Winter \u00e8 bianco e lavorato a maglia. Questo accessorio invernale \u00e8 decorato con un bellissimo pompon ed \u00e8 la base perfetta per la stagione fredda!BerrettobiancoLavorato a magliaCon&#8230;<\/p>","protected":false},"featured_media":6841,"comment_status":"open","ping_status":"closed","template":"","meta":{"neve_meta_sidebar":"","neve_meta_container":"","neve_meta_enable_content_width":"","neve_meta_content_width":0,"neve_meta_title_alignment":"","neve_meta_author_avatar":"","neve_post_elements_order":"","neve_meta_disable_header":"","neve_meta_disable_footer":"","neve_meta_disable_title":"","neve_meta_reading_time":"","_themeisle_gutenberg_block_has_review":false},"product_brand":[],"product_cat":[43],"product_tag":[],"class_list":{"0":"post-6843","1":"product","2":"type-product","3":"status-publish","4":"has-post-thumbnail","6":"product_cat-accessori","8":"first","9":"instock","10":"shipping-taxable","11":"purchasable","12":"product-type-simple"},"_links":{"self":[{"href":"https:\/\/glendajewels.com\/en\/wp-json\/wp\/v2\/product\/6843","targetHints":{"allow":["GET"]}}],"collection":[{"href":"https:\/\/glendajewels.com\/en\/wp-json\/wp\/v2\/product"}],"about":[{"href":"https:\/\/glendajewels.com\/en\/wp-json\/wp\/v2\/types\/product"}],"replies":[{"embeddable":true,"href":"https:\/\/glendajewels.com\/en\/wp-json\/wp\/v2\/comments?post=6843"}],"wp:featuredmedia":[{"embeddable":true,"href":"https:\/\/glendajewels.com\/en\/wp-json\/wp\/v2\/media\/6841"}],"wp:attachment":[{"href":"https:\/\/glendajewels.com\/en\/wp-json\/wp\/v2\/media?parent=6843"}],"wp:term":[{"taxonomy":"product_brand","embeddable":true,"href":"https:\/\/glendajewels.com\/en\/wp-json\/wp\/v2\/product_brand?post=6843"},{"taxonomy":"product_cat","embeddable":true,"href":"https:\/\/glendajewels.com\/en\/wp-json\/wp\/v2\/product_cat?post=6843"},{"taxonomy":"product_tag","embeddable":true,"href":"https:\/\/glendajewels.com\/en\/wp-json\/wp\/v2\/product_tag?post=6843"}],"curies":[{"name":"wp","href":"https:\/\/api.w.org\/{rel}","templated":true}]}}