{"id":6819,"date":"2025-09-23T23:16:57","date_gmt":"2025-09-23T21:16:57","guid":{"rendered":"https:\/\/glendajewels.com\/prodotto\/braccialetto-da-uomo-black-phantom\/"},"modified":"2025-09-23T23:16:57","modified_gmt":"2025-09-23T21:16:57","slug":"braccialetto-da-uomo-black-phantom","status":"publish","type":"product","link":"https:\/\/glendajewels.com\/en\/product\/braccialetto-da-uomo-black-phantom\/","title":{"rendered":"Braccialetto da uomo &#8211; Black Phantom"},"content":{"rendered":"<div class=\"product-detail-description-text col-12 col-md-6\">\n<p>Il Braccialetto da uomo &#8211; Black Phantom \u00e8 realizzato in acciaio inossidabile nero, resistente all&#8217;acqua, e pu\u00f2 essere perfettamente combinato con la Collana abbinata. Questo accessorio far\u00e0 sicuramente girare la testa!<\/p>\n<p><\/p>\n<ul>\n<li>Braccialetto da uomo<\/li>\n<li>Nero, color argento<\/li>\n<li>Acciaio inossidabile<\/li>\n<li>Resistente all&#8217;acqua<\/li>\n<\/ul>\n<p><strong>Lunghezza: <\/strong>21,5 cm<\/p>\n<p><strong>Larghezza:<\/strong> 0,7 cm<\/p>\n<\/div>","protected":false},"excerpt":{"rendered":"<p>Il Braccialetto da uomo &#8211; Black Phantom \u00e8 realizzato in acciaio inossidabile nero, resistente all&#8217;acqua, e pu\u00f2 essere perfettamente combinato con la Collana abbinata. Questo accessorio far\u00e0 sicurament&#8230;<\/p>","protected":false},"featured_media":6818,"comment_status":"open","ping_status":"closed","template":"","meta":{"neve_meta_sidebar":"","neve_meta_container":"","neve_meta_enable_content_width":"","neve_meta_content_width":0,"neve_meta_title_alignment":"","neve_meta_author_avatar":"","neve_post_elements_order":"","neve_meta_disable_header":"","neve_meta_disable_footer":"","neve_meta_disable_title":"","neve_meta_reading_time":"","_themeisle_gutenberg_block_has_review":false},"product_brand":[],"product_cat":[42],"product_tag":[],"class_list":{"0":"post-6819","1":"product","2":"type-product","3":"status-publish","4":"has-post-thumbnail","6":"product_cat-gioielli","8":"first","9":"instock","10":"shipping-taxable","11":"purchasable","12":"product-type-simple"},"_links":{"self":[{"href":"https:\/\/glendajewels.com\/en\/wp-json\/wp\/v2\/product\/6819","targetHints":{"allow":["GET"]}}],"collection":[{"href":"https:\/\/glendajewels.com\/en\/wp-json\/wp\/v2\/product"}],"about":[{"href":"https:\/\/glendajewels.com\/en\/wp-json\/wp\/v2\/types\/product"}],"replies":[{"embeddable":true,"href":"https:\/\/glendajewels.com\/en\/wp-json\/wp\/v2\/comments?post=6819"}],"wp:featuredmedia":[{"embeddable":true,"href":"https:\/\/glendajewels.com\/en\/wp-json\/wp\/v2\/media\/6818"}],"wp:attachment":[{"href":"https:\/\/glendajewels.com\/en\/wp-json\/wp\/v2\/media?parent=6819"}],"wp:term":[{"taxonomy":"product_brand","embeddable":true,"href":"https:\/\/glendajewels.com\/en\/wp-json\/wp\/v2\/product_brand?post=6819"},{"taxonomy":"product_cat","embeddable":true,"href":"https:\/\/glendajewels.com\/en\/wp-json\/wp\/v2\/product_cat?post=6819"},{"taxonomy":"product_tag","embeddable":true,"href":"https:\/\/glendajewels.com\/en\/wp-json\/wp\/v2\/product_tag?post=6819"}],"curies":[{"name":"wp","href":"https:\/\/api.w.org\/{rel}","templated":true}]}}