{"id":6794,"date":"2025-09-23T23:15:11","date_gmt":"2025-09-23T21:15:11","guid":{"rendered":"https:\/\/glendajewels.com\/prodotto\/braccialetto-da-uomo-braided-classic\/"},"modified":"2025-09-23T23:15:11","modified_gmt":"2025-09-23T21:15:11","slug":"braccialetto-da-uomo-braided-classic","status":"publish","type":"product","link":"https:\/\/glendajewels.com\/en\/product\/braccialetto-da-uomo-braided-classic\/","title":{"rendered":"Braccialetto da uomo &#8211; Braided Classic"},"content":{"rendered":"<div class=\"product-detail-description-text col-12 col-md-6\">\n<p>Il Braccialetto da uomo &#8211; Braided Classic \u00e8 composto da tre file in diversi design. Una fila \u00e8 realizzata in similpelle intrecciata e la chiusura a cerniera \u00e8 in acciaio inossidabile.<\/p>\n<p><\/p>\n<ul>\n<li>Braccialetto da uomo<\/li>\n<li>Nero, argento<\/li>\n<li>3 file<\/li>\n<li>Acciaio inossidabile<\/li>\n<li>finta pelle<\/li>\n<li>Intrecciato<\/li>\n<li>Chiusura a cerniera<\/li>\n<\/ul>\n<p><strong>Lunghezza:<\/strong> 22 cm<\/p>\n<p><strong>Larghezza: <\/strong>1 cm<\/p>\n<\/div>","protected":false},"excerpt":{"rendered":"<p>Il Braccialetto da uomo &#8211; Braided Classic \u00e8 composto da tre file in diversi design. Una fila \u00e8 realizzata in similpelle intrecciata e la chiusura a cerniera \u00e8 in acciaio inossidabile.Braccialetto da u&#8230;<\/p>","protected":false},"featured_media":6793,"comment_status":"open","ping_status":"closed","template":"","meta":{"neve_meta_sidebar":"","neve_meta_container":"","neve_meta_enable_content_width":"","neve_meta_content_width":0,"neve_meta_title_alignment":"","neve_meta_author_avatar":"","neve_post_elements_order":"","neve_meta_disable_header":"","neve_meta_disable_footer":"","neve_meta_disable_title":"","neve_meta_reading_time":"","_themeisle_gutenberg_block_has_review":false},"product_brand":[],"product_cat":[42],"product_tag":[],"class_list":{"0":"post-6794","1":"product","2":"type-product","3":"status-publish","4":"has-post-thumbnail","6":"product_cat-gioielli","8":"first","9":"instock","10":"shipping-taxable","11":"purchasable","12":"product-type-simple"},"_links":{"self":[{"href":"https:\/\/glendajewels.com\/en\/wp-json\/wp\/v2\/product\/6794","targetHints":{"allow":["GET"]}}],"collection":[{"href":"https:\/\/glendajewels.com\/en\/wp-json\/wp\/v2\/product"}],"about":[{"href":"https:\/\/glendajewels.com\/en\/wp-json\/wp\/v2\/types\/product"}],"replies":[{"embeddable":true,"href":"https:\/\/glendajewels.com\/en\/wp-json\/wp\/v2\/comments?post=6794"}],"wp:featuredmedia":[{"embeddable":true,"href":"https:\/\/glendajewels.com\/en\/wp-json\/wp\/v2\/media\/6793"}],"wp:attachment":[{"href":"https:\/\/glendajewels.com\/en\/wp-json\/wp\/v2\/media?parent=6794"}],"wp:term":[{"taxonomy":"product_brand","embeddable":true,"href":"https:\/\/glendajewels.com\/en\/wp-json\/wp\/v2\/product_brand?post=6794"},{"taxonomy":"product_cat","embeddable":true,"href":"https:\/\/glendajewels.com\/en\/wp-json\/wp\/v2\/product_cat?post=6794"},{"taxonomy":"product_tag","embeddable":true,"href":"https:\/\/glendajewels.com\/en\/wp-json\/wp\/v2\/product_tag?post=6794"}],"curies":[{"name":"wp","href":"https:\/\/api.w.org\/{rel}","templated":true}]}}