{"id":6787,"date":"2025-09-23T23:14:54","date_gmt":"2025-09-23T21:14:54","guid":{"rendered":"https:\/\/glendajewels.com\/prodotto\/braccialetto-golden-rows\/"},"modified":"2025-09-23T23:14:54","modified_gmt":"2025-09-23T21:14:54","slug":"braccialetto-golden-rows","status":"publish","type":"product","link":"https:\/\/glendajewels.com\/en\/product\/braccialetto-golden-rows\/","title":{"rendered":"Braccialetto &#8211; Golden Rows"},"content":{"rendered":"<div class=\"product-detail-description-text col-12 col-md-6\">\n<p>Il Braccialetto &#8211; Golden Rows brilla di color oro ed \u00e8 realizzato in argento Sterling 925. La superficie \u00e8 placcata in oro. L&#8217;accessorio \u00e8 composto da cinque file di catene a sfera e ha una catenina di prolungamento. L&#8217;accessorio \u00e8 realizzato all&#8217;80% in ottone riciclato.<\/p>\n<p><\/p>\n<p><\/p>\n<ul>\n<li>Braccialetto<\/li>\n<li>Placcato oro<\/li>\n<li>5 file<\/li>\n<li>Catena a palline<\/li>\n<li>Con catenina di prolungamento<\/li>\n<li>80% ottone riciclato<\/li>\n<\/ul>\n<p><strong>Lunghezza:<\/strong> 18 &#8211; 24 cm<\/p>\n<p><strong>Larghezza: <\/strong>0,6 cm<\/p>\n<\/div>","protected":false},"excerpt":{"rendered":"<p>Il Braccialetto &#8211; Golden Rows brilla di color oro ed \u00e8 realizzato in argento Sterling 925. La superficie \u00e8 placcata in oro. L&#8217;accessorio \u00e8 composto da cinque file di catene a sfera e ha una catenina d&#8230;<\/p>","protected":false},"featured_media":6785,"comment_status":"open","ping_status":"closed","template":"","meta":{"neve_meta_sidebar":"","neve_meta_container":"","neve_meta_enable_content_width":"","neve_meta_content_width":0,"neve_meta_title_alignment":"","neve_meta_author_avatar":"","neve_post_elements_order":"","neve_meta_disable_header":"","neve_meta_disable_footer":"","neve_meta_disable_title":"","neve_meta_reading_time":"","_themeisle_gutenberg_block_has_review":false},"product_brand":[],"product_cat":[42],"product_tag":[],"class_list":{"0":"post-6787","1":"product","2":"type-product","3":"status-publish","4":"has-post-thumbnail","6":"product_cat-gioielli","8":"first","9":"instock","10":"shipping-taxable","11":"purchasable","12":"product-type-simple"},"_links":{"self":[{"href":"https:\/\/glendajewels.com\/en\/wp-json\/wp\/v2\/product\/6787","targetHints":{"allow":["GET"]}}],"collection":[{"href":"https:\/\/glendajewels.com\/en\/wp-json\/wp\/v2\/product"}],"about":[{"href":"https:\/\/glendajewels.com\/en\/wp-json\/wp\/v2\/types\/product"}],"replies":[{"embeddable":true,"href":"https:\/\/glendajewels.com\/en\/wp-json\/wp\/v2\/comments?post=6787"}],"wp:featuredmedia":[{"embeddable":true,"href":"https:\/\/glendajewels.com\/en\/wp-json\/wp\/v2\/media\/6785"}],"wp:attachment":[{"href":"https:\/\/glendajewels.com\/en\/wp-json\/wp\/v2\/media?parent=6787"}],"wp:term":[{"taxonomy":"product_brand","embeddable":true,"href":"https:\/\/glendajewels.com\/en\/wp-json\/wp\/v2\/product_brand?post=6787"},{"taxonomy":"product_cat","embeddable":true,"href":"https:\/\/glendajewels.com\/en\/wp-json\/wp\/v2\/product_cat?post=6787"},{"taxonomy":"product_tag","embeddable":true,"href":"https:\/\/glendajewels.com\/en\/wp-json\/wp\/v2\/product_tag?post=6787"}],"curies":[{"name":"wp","href":"https:\/\/api.w.org\/{rel}","templated":true}]}}