{"id":6755,"date":"2025-09-23T23:13:53","date_gmt":"2025-09-23T21:13:53","guid":{"rendered":"https:\/\/glendajewels.com\/prodotto\/orecchini-a-perno-long-gems\/"},"modified":"2025-09-23T23:13:53","modified_gmt":"2025-09-23T21:13:53","slug":"orecchini-a-perno-long-gems","status":"publish","type":"product","link":"https:\/\/glendajewels.com\/en\/product\/orecchini-a-perno-long-gems\/","title":{"rendered":"Orecchini a perno &#8211; Long Gems"},"content":{"rendered":"<div class=\"product-detail-description-text col-12 col-md-6\">\n<p>Gli Orecchini a perno &#8211; Long Gems hanno un perno opaco color oro e un ciondolo realizzato con la gemma marrone occhio di tigre. Gli orecchini con gemme sono ideali per essere abbinati ad altri gioielli con gemme!<\/p>\n<p><\/p>\n<ul>\n<li>Orecchini a perno<\/li>\n<li>Color oro, marrone<\/li>\n<li>Gemma: occhio di tigre<\/li>\n<li>Superficie opaca<\/li>\n<\/ul>\n<p><strong>Lunghezza: <\/strong>7 cm<\/p>\n<p><strong>Larghezza: <\/strong>1 cm<\/p>\n<p><strong class=\"artikelTextHinweisColor\">Nota:<\/strong> la pietra preziosa \u00e8 un prodotto naturale e pu\u00f2 quindi variare in grana e colore. Ogni gioiello \u00e8 quindi unico e pu\u00f2 differire dall&#8217;immagine del prodotto.<\/p>\n<\/div>","protected":false},"excerpt":{"rendered":"<p>Gli Orecchini a perno &#8211; Long Gems hanno un perno opaco color oro e un ciondolo realizzato con la gemma marrone occhio di tigre. Gli orecchini con gemme sono ideali per essere abbinati ad altri gioiell&#8230;<\/p>","protected":false},"featured_media":6753,"comment_status":"open","ping_status":"closed","template":"","meta":{"neve_meta_sidebar":"","neve_meta_container":"","neve_meta_enable_content_width":"","neve_meta_content_width":0,"neve_meta_title_alignment":"","neve_meta_author_avatar":"","neve_post_elements_order":"","neve_meta_disable_header":"","neve_meta_disable_footer":"","neve_meta_disable_title":"","neve_meta_reading_time":"","_themeisle_gutenberg_block_has_review":false},"product_brand":[],"product_cat":[42],"product_tag":[],"class_list":{"0":"post-6755","1":"product","2":"type-product","3":"status-publish","4":"has-post-thumbnail","6":"product_cat-gioielli","8":"first","9":"instock","10":"shipping-taxable","11":"purchasable","12":"product-type-simple"},"_links":{"self":[{"href":"https:\/\/glendajewels.com\/en\/wp-json\/wp\/v2\/product\/6755","targetHints":{"allow":["GET"]}}],"collection":[{"href":"https:\/\/glendajewels.com\/en\/wp-json\/wp\/v2\/product"}],"about":[{"href":"https:\/\/glendajewels.com\/en\/wp-json\/wp\/v2\/types\/product"}],"replies":[{"embeddable":true,"href":"https:\/\/glendajewels.com\/en\/wp-json\/wp\/v2\/comments?post=6755"}],"wp:featuredmedia":[{"embeddable":true,"href":"https:\/\/glendajewels.com\/en\/wp-json\/wp\/v2\/media\/6753"}],"wp:attachment":[{"href":"https:\/\/glendajewels.com\/en\/wp-json\/wp\/v2\/media?parent=6755"}],"wp:term":[{"taxonomy":"product_brand","embeddable":true,"href":"https:\/\/glendajewels.com\/en\/wp-json\/wp\/v2\/product_brand?post=6755"},{"taxonomy":"product_cat","embeddable":true,"href":"https:\/\/glendajewels.com\/en\/wp-json\/wp\/v2\/product_cat?post=6755"},{"taxonomy":"product_tag","embeddable":true,"href":"https:\/\/glendajewels.com\/en\/wp-json\/wp\/v2\/product_tag?post=6755"}],"curies":[{"name":"wp","href":"https:\/\/api.w.org\/{rel}","templated":true}]}}