{"id":6703,"date":"2025-09-23T23:11:01","date_gmt":"2025-09-23T21:11:01","guid":{"rendered":"https:\/\/glendajewels.com\/prodotto\/anello-amber-ball\/"},"modified":"2025-09-23T23:11:01","modified_gmt":"2025-09-23T21:11:01","slug":"anello-amber-ball","status":"publish","type":"product","link":"https:\/\/glendajewels.com\/en\/product\/anello-amber-ball\/","title":{"rendered":"Anello &#8211; Amber Ball"},"content":{"rendered":"<div class=\"product-detail-description-text col-12 col-md-6\">\n<p>L&#8217;anello &#8211; Amber Ball \u00e8 decorato con una pietra marrone sfaccettata a forma di palla. L&#8217;anello brilla di colore oro ed \u00e8 realizzato in acciaio inossidabile. L&#8217;accessorio \u00e8 ideale da abbinare ad altri gioielli color oro!<\/p>\n<p><\/p>\n<ul>\n<li>Anello<\/li>\n<li>Color oro, giallo<\/li>\n<li>Pietra di vetro<\/li>\n<\/ul>\n<p><strong>Misura: <\/strong>variabile<\/p>\n<p><strong>Larghezza:<\/strong> 1,8 cm<\/p>\n<p><\/p>\n<\/div>","protected":false},"excerpt":{"rendered":"<p>L&#8217;anello &#8211; Amber Ball \u00e8 decorato con una pietra marrone sfaccettata a forma di palla. L&#8217;anello brilla di colore oro ed \u00e8 realizzato in acciaio inossidabile. L&#8217;accessorio \u00e8 ideale da abbinare ad altri &#8230;<\/p>","protected":false},"featured_media":6701,"comment_status":"open","ping_status":"closed","template":"","meta":{"neve_meta_sidebar":"","neve_meta_container":"","neve_meta_enable_content_width":"","neve_meta_content_width":0,"neve_meta_title_alignment":"","neve_meta_author_avatar":"","neve_post_elements_order":"","neve_meta_disable_header":"","neve_meta_disable_footer":"","neve_meta_disable_title":"","neve_meta_reading_time":"","_themeisle_gutenberg_block_has_review":false},"product_brand":[],"product_cat":[42],"product_tag":[],"class_list":{"0":"post-6703","1":"product","2":"type-product","3":"status-publish","4":"has-post-thumbnail","6":"product_cat-gioielli","8":"first","9":"instock","10":"shipping-taxable","11":"purchasable","12":"product-type-simple"},"_links":{"self":[{"href":"https:\/\/glendajewels.com\/en\/wp-json\/wp\/v2\/product\/6703","targetHints":{"allow":["GET"]}}],"collection":[{"href":"https:\/\/glendajewels.com\/en\/wp-json\/wp\/v2\/product"}],"about":[{"href":"https:\/\/glendajewels.com\/en\/wp-json\/wp\/v2\/types\/product"}],"replies":[{"embeddable":true,"href":"https:\/\/glendajewels.com\/en\/wp-json\/wp\/v2\/comments?post=6703"}],"wp:featuredmedia":[{"embeddable":true,"href":"https:\/\/glendajewels.com\/en\/wp-json\/wp\/v2\/media\/6701"}],"wp:attachment":[{"href":"https:\/\/glendajewels.com\/en\/wp-json\/wp\/v2\/media?parent=6703"}],"wp:term":[{"taxonomy":"product_brand","embeddable":true,"href":"https:\/\/glendajewels.com\/en\/wp-json\/wp\/v2\/product_brand?post=6703"},{"taxonomy":"product_cat","embeddable":true,"href":"https:\/\/glendajewels.com\/en\/wp-json\/wp\/v2\/product_cat?post=6703"},{"taxonomy":"product_tag","embeddable":true,"href":"https:\/\/glendajewels.com\/en\/wp-json\/wp\/v2\/product_tag?post=6703"}],"curies":[{"name":"wp","href":"https:\/\/api.w.org\/{rel}","templated":true}]}}