{"id":6650,"date":"2025-09-23T23:06:49","date_gmt":"2025-09-23T21:06:49","guid":{"rendered":"https:\/\/glendajewels.com\/prodotto\/anello-chunky-black\/"},"modified":"2025-09-23T23:06:49","modified_gmt":"2025-09-23T21:06:49","slug":"anello-chunky-black","status":"publish","type":"product","link":"https:\/\/glendajewels.com\/en\/product\/anello-chunky-black\/","title":{"rendered":"Anello &#8211; Chunky Black"},"content":{"rendered":"<div class=\"product-detail-description-text col-12 col-md-6\">\n<p>L&#8217;anello &#8211; Chunky Black brilla in oro e nero ed \u00e8 elegantemente attorcigliato. Questo splendido accessorio \u00e8 un vero e proprio richiamo visivo e pu\u00f2 essere abbinato ad altri gioielli!<\/p>\n<p><\/p>\n<ul>\n<li>Anello<\/li>\n<li>Color oro, nero<\/li>\n<li>Attorcigliato<\/li>\n<\/ul>\n<p><strong>Misura: <\/strong>variabile<\/p>\n<p><strong>Larghezza: <\/strong>2,6 cm<\/p>\n<\/div>","protected":false},"excerpt":{"rendered":"<p>L&#8217;anello &#8211; Chunky Black brilla in oro e nero ed \u00e8 elegantemente attorcigliato. Questo splendido accessorio \u00e8 un vero e proprio richiamo visivo e pu\u00f2 essere abbinato ad altri gioielli!AnelloColor oro, &#8230;<\/p>","protected":false},"featured_media":6649,"comment_status":"open","ping_status":"closed","template":"","meta":{"neve_meta_sidebar":"","neve_meta_container":"","neve_meta_enable_content_width":"","neve_meta_content_width":0,"neve_meta_title_alignment":"","neve_meta_author_avatar":"","neve_post_elements_order":"","neve_meta_disable_header":"","neve_meta_disable_footer":"","neve_meta_disable_title":"","neve_meta_reading_time":"","_themeisle_gutenberg_block_has_review":false},"product_brand":[],"product_cat":[42],"product_tag":[],"class_list":{"0":"post-6650","1":"product","2":"type-product","3":"status-publish","4":"has-post-thumbnail","6":"product_cat-gioielli","8":"first","9":"instock","10":"shipping-taxable","11":"purchasable","12":"product-type-simple"},"_links":{"self":[{"href":"https:\/\/glendajewels.com\/en\/wp-json\/wp\/v2\/product\/6650","targetHints":{"allow":["GET"]}}],"collection":[{"href":"https:\/\/glendajewels.com\/en\/wp-json\/wp\/v2\/product"}],"about":[{"href":"https:\/\/glendajewels.com\/en\/wp-json\/wp\/v2\/types\/product"}],"replies":[{"embeddable":true,"href":"https:\/\/glendajewels.com\/en\/wp-json\/wp\/v2\/comments?post=6650"}],"wp:featuredmedia":[{"embeddable":true,"href":"https:\/\/glendajewels.com\/en\/wp-json\/wp\/v2\/media\/6649"}],"wp:attachment":[{"href":"https:\/\/glendajewels.com\/en\/wp-json\/wp\/v2\/media?parent=6650"}],"wp:term":[{"taxonomy":"product_brand","embeddable":true,"href":"https:\/\/glendajewels.com\/en\/wp-json\/wp\/v2\/product_brand?post=6650"},{"taxonomy":"product_cat","embeddable":true,"href":"https:\/\/glendajewels.com\/en\/wp-json\/wp\/v2\/product_cat?post=6650"},{"taxonomy":"product_tag","embeddable":true,"href":"https:\/\/glendajewels.com\/en\/wp-json\/wp\/v2\/product_tag?post=6650"}],"curies":[{"name":"wp","href":"https:\/\/api.w.org\/{rel}","templated":true}]}}