{"id":6621,"date":"2025-09-23T23:05:51","date_gmt":"2025-09-23T21:05:51","guid":{"rendered":"https:\/\/glendajewels.com\/prodotto\/collana-color-harmony\/"},"modified":"2025-09-23T23:05:51","modified_gmt":"2025-09-23T21:05:51","slug":"collana-color-harmony","status":"publish","type":"product","link":"https:\/\/glendajewels.com\/en\/product\/collana-color-harmony\/","title":{"rendered":"Collana &#8211; Color Harmony"},"content":{"rendered":"<div class=\"product-detail-description-text col-12 col-md-6\">\n<p>La collana Color Harmony \u00e8 composta da un set in due parti: la collana pi\u00f9 corta \u00e8 decorata con perline di plastica color menta di grandi dimensioni, mentre quella di lunghezza maggiore \u00e8 decorata con due file di perline di plastica rosso scuro e arancione. Il gioco di colori rende la parure un vero e proprio richiamo visivo.<\/p>\n<p><\/p>\n<ul>\n<li>Collana<\/li>\n<li>Verde menta, rosso scuro, giallo<\/li>\n<li>Set da 2 pezzi<\/li>\n<li>Perline di plastica<\/li>\n<li>A pi\u00f9 file<\/li>\n<\/ul>\n<p><strong>Lunghezza: <\/strong>43 &#8211; 55 cm<\/p>\n<p><strong>Larghezza: <\/strong>1,2 cm<\/p>\n<\/div>","protected":false},"excerpt":{"rendered":"<p>La collana Color Harmony \u00e8 composta da un set in due parti: la collana pi\u00f9 corta \u00e8 decorata con perline di plastica color menta di grandi dimensioni, mentre quella di lunghezza maggiore \u00e8 decorata con&#8230;<\/p>","protected":false},"featured_media":6620,"comment_status":"open","ping_status":"closed","template":"","meta":{"neve_meta_sidebar":"","neve_meta_container":"","neve_meta_enable_content_width":"","neve_meta_content_width":0,"neve_meta_title_alignment":"","neve_meta_author_avatar":"","neve_post_elements_order":"","neve_meta_disable_header":"","neve_meta_disable_footer":"","neve_meta_disable_title":"","neve_meta_reading_time":"","_themeisle_gutenberg_block_has_review":false},"product_brand":[],"product_cat":[42],"product_tag":[],"class_list":{"0":"post-6621","1":"product","2":"type-product","3":"status-publish","4":"has-post-thumbnail","6":"product_cat-gioielli","8":"first","9":"instock","10":"shipping-taxable","11":"purchasable","12":"product-type-simple"},"_links":{"self":[{"href":"https:\/\/glendajewels.com\/en\/wp-json\/wp\/v2\/product\/6621","targetHints":{"allow":["GET"]}}],"collection":[{"href":"https:\/\/glendajewels.com\/en\/wp-json\/wp\/v2\/product"}],"about":[{"href":"https:\/\/glendajewels.com\/en\/wp-json\/wp\/v2\/types\/product"}],"replies":[{"embeddable":true,"href":"https:\/\/glendajewels.com\/en\/wp-json\/wp\/v2\/comments?post=6621"}],"wp:featuredmedia":[{"embeddable":true,"href":"https:\/\/glendajewels.com\/en\/wp-json\/wp\/v2\/media\/6620"}],"wp:attachment":[{"href":"https:\/\/glendajewels.com\/en\/wp-json\/wp\/v2\/media?parent=6621"}],"wp:term":[{"taxonomy":"product_brand","embeddable":true,"href":"https:\/\/glendajewels.com\/en\/wp-json\/wp\/v2\/product_brand?post=6621"},{"taxonomy":"product_cat","embeddable":true,"href":"https:\/\/glendajewels.com\/en\/wp-json\/wp\/v2\/product_cat?post=6621"},{"taxonomy":"product_tag","embeddable":true,"href":"https:\/\/glendajewels.com\/en\/wp-json\/wp\/v2\/product_tag?post=6621"}],"curies":[{"name":"wp","href":"https:\/\/api.w.org\/{rel}","templated":true}]}}