{"id":6612,"date":"2025-09-23T23:05:32","date_gmt":"2025-09-23T21:05:32","guid":{"rendered":"https:\/\/glendajewels.com\/prodotto\/collana-brown-circles\/"},"modified":"2025-09-23T23:05:32","modified_gmt":"2025-09-23T21:05:32","slug":"collana-brown-circles","status":"publish","type":"product","link":"https:\/\/glendajewels.com\/en\/product\/collana-brown-circles\/","title":{"rendered":"Collana &#8211; Brown Circles"},"content":{"rendered":"<div class=\"product-detail-description-text col-12 col-md-6\">\n<p>La Collana Brown Circles \u00e8 composta da due file di nastro cerato marrone scuro. \u00c8 decorata con elementi acrilici ovali in piastre marroni e dorate. La Collana pu\u00f2 essere regolata in lunghezza con due nodi.<\/p>\n<p><\/p>\n<ul>\n<li>Collana<\/li>\n<li>Marrone, color oro<\/li>\n<li>2 file<\/li>\n<li>Perline acriliche<\/li>\n<\/ul>\n<p><strong>Lunghezza:<\/strong> max. 74 cm<\/p>\n<p><strong>Larghezza:<\/strong> max. 2,9 cm<\/p>\n<\/div>","protected":false},"excerpt":{"rendered":"<p>La Collana Brown Circles \u00e8 composta da due file di nastro cerato marrone scuro. \u00c8 decorata con elementi acrilici ovali in piastre marroni e dorate. La Collana pu\u00f2 essere regolata in lunghezza con due &#8230;<\/p>","protected":false},"featured_media":6610,"comment_status":"open","ping_status":"closed","template":"","meta":{"neve_meta_sidebar":"","neve_meta_container":"","neve_meta_enable_content_width":"","neve_meta_content_width":0,"neve_meta_title_alignment":"","neve_meta_author_avatar":"","neve_post_elements_order":"","neve_meta_disable_header":"","neve_meta_disable_footer":"","neve_meta_disable_title":"","neve_meta_reading_time":"","_themeisle_gutenberg_block_has_review":false},"product_brand":[],"product_cat":[42],"product_tag":[],"class_list":{"0":"post-6612","1":"product","2":"type-product","3":"status-publish","4":"has-post-thumbnail","6":"product_cat-gioielli","8":"first","9":"instock","10":"shipping-taxable","11":"purchasable","12":"product-type-simple"},"_links":{"self":[{"href":"https:\/\/glendajewels.com\/en\/wp-json\/wp\/v2\/product\/6612","targetHints":{"allow":["GET"]}}],"collection":[{"href":"https:\/\/glendajewels.com\/en\/wp-json\/wp\/v2\/product"}],"about":[{"href":"https:\/\/glendajewels.com\/en\/wp-json\/wp\/v2\/types\/product"}],"replies":[{"embeddable":true,"href":"https:\/\/glendajewels.com\/en\/wp-json\/wp\/v2\/comments?post=6612"}],"wp:featuredmedia":[{"embeddable":true,"href":"https:\/\/glendajewels.com\/en\/wp-json\/wp\/v2\/media\/6610"}],"wp:attachment":[{"href":"https:\/\/glendajewels.com\/en\/wp-json\/wp\/v2\/media?parent=6612"}],"wp:term":[{"taxonomy":"product_brand","embeddable":true,"href":"https:\/\/glendajewels.com\/en\/wp-json\/wp\/v2\/product_brand?post=6612"},{"taxonomy":"product_cat","embeddable":true,"href":"https:\/\/glendajewels.com\/en\/wp-json\/wp\/v2\/product_cat?post=6612"},{"taxonomy":"product_tag","embeddable":true,"href":"https:\/\/glendajewels.com\/en\/wp-json\/wp\/v2\/product_tag?post=6612"}],"curies":[{"name":"wp","href":"https:\/\/api.w.org\/{rel}","templated":true}]}}