{"id":6607,"date":"2025-09-23T23:05:21","date_gmt":"2025-09-23T21:05:21","guid":{"rendered":"https:\/\/glendajewels.com\/prodotto\/collana-burgundy-vintage\/"},"modified":"2025-09-23T23:05:21","modified_gmt":"2025-09-23T21:05:21","slug":"collana-burgundy-vintage","status":"publish","type":"product","link":"https:\/\/glendajewels.com\/en\/product\/collana-burgundy-vintage\/","title":{"rendered":"Collana &#8211; Burgundy Vintage"},"content":{"rendered":"<div class=\"product-detail-description-text col-12 col-md-6\">\n<p>La Collana &#8211; Burgundy Vintage \u00e8 realizzata con perline di plastica rosso scuro ed \u00e8 decorata con un fiore color oro al centro. La Collana pu\u00f2 essere regolata individualmente grazie alla catenina di prolungamento.<\/p>\n<p><\/p>\n<ul>\n<li>Collana<\/li>\n<li>Rosso, color oro<\/li>\n<li>Perline decorative<\/li>\n<li>Perline di plastica<\/li>\n<li>Fiore<\/li>\n<li>Con catenina di prolungamento<\/li>\n<\/ul>\n<p><strong>Lunghezza: <\/strong>43 &#8211; 51 cm<\/p>\n<p><strong>Larghezza:<\/strong> max. 6,5 cm<\/p>\n<\/div>","protected":false},"excerpt":{"rendered":"<p>La Collana &#8211; Burgundy Vintage \u00e8 realizzata con perline di plastica rosso scuro ed \u00e8 decorata con un fiore color oro al centro. La Collana pu\u00f2 essere regolata individualmente grazie alla catenina di pr&#8230;<\/p>","protected":false},"featured_media":6606,"comment_status":"open","ping_status":"closed","template":"","meta":{"neve_meta_sidebar":"","neve_meta_container":"","neve_meta_enable_content_width":"","neve_meta_content_width":0,"neve_meta_title_alignment":"","neve_meta_author_avatar":"","neve_post_elements_order":"","neve_meta_disable_header":"","neve_meta_disable_footer":"","neve_meta_disable_title":"","neve_meta_reading_time":"","_themeisle_gutenberg_block_has_review":false},"product_brand":[],"product_cat":[42],"product_tag":[],"class_list":{"0":"post-6607","1":"product","2":"type-product","3":"status-publish","4":"has-post-thumbnail","6":"product_cat-gioielli","8":"first","9":"instock","10":"shipping-taxable","11":"purchasable","12":"product-type-simple"},"_links":{"self":[{"href":"https:\/\/glendajewels.com\/en\/wp-json\/wp\/v2\/product\/6607","targetHints":{"allow":["GET"]}}],"collection":[{"href":"https:\/\/glendajewels.com\/en\/wp-json\/wp\/v2\/product"}],"about":[{"href":"https:\/\/glendajewels.com\/en\/wp-json\/wp\/v2\/types\/product"}],"replies":[{"embeddable":true,"href":"https:\/\/glendajewels.com\/en\/wp-json\/wp\/v2\/comments?post=6607"}],"wp:featuredmedia":[{"embeddable":true,"href":"https:\/\/glendajewels.com\/en\/wp-json\/wp\/v2\/media\/6606"}],"wp:attachment":[{"href":"https:\/\/glendajewels.com\/en\/wp-json\/wp\/v2\/media?parent=6607"}],"wp:term":[{"taxonomy":"product_brand","embeddable":true,"href":"https:\/\/glendajewels.com\/en\/wp-json\/wp\/v2\/product_brand?post=6607"},{"taxonomy":"product_cat","embeddable":true,"href":"https:\/\/glendajewels.com\/en\/wp-json\/wp\/v2\/product_cat?post=6607"},{"taxonomy":"product_tag","embeddable":true,"href":"https:\/\/glendajewels.com\/en\/wp-json\/wp\/v2\/product_tag?post=6607"}],"curies":[{"name":"wp","href":"https:\/\/api.w.org\/{rel}","templated":true}]}}