{"id":6601,"date":"2025-09-23T23:05:08","date_gmt":"2025-09-23T21:05:08","guid":{"rendered":"https:\/\/glendajewels.com\/prodotto\/anello-shiny-stone\/"},"modified":"2025-09-23T23:05:08","modified_gmt":"2025-09-23T21:05:08","slug":"anello-shiny-stone","status":"publish","type":"product","link":"https:\/\/glendajewels.com\/en\/product\/anello-shiny-stone\/","title":{"rendered":"Anello &#8211; Shiny Stone"},"content":{"rendered":"<div class=\"product-detail-description-text col-12 col-md-6\">\n<p>L&#8217;anello &#8211; Shiny Stone brilla di colore oro ed \u00e8 realizzato in argento 925. La superficie \u00e8 placcata in oro e l&#8217;anello \u00e8 ornato da una scintillante pietra di zirconia cubica a forma di goccia e da diverse piccole pietre di zirconia cubica sull&#8217;anello.<\/p>\n<p><\/p>\n<ul>\n<li>Colore dell&#8217;anello<\/li>\n<li>Color oro<\/li>\n<li>Argento 925<\/li>\n<li>Placcato oro<\/li>\n<li>Zirconi<\/li>\n<li>Forma a goccia<\/li>\n<\/ul>\n<p><strong>Misura: <\/strong>variabile<\/p>\n<p><\/p>\n<\/div>","protected":false},"excerpt":{"rendered":"<p>L&#8217;anello &#8211; Shiny Stone brilla di colore oro ed \u00e8 realizzato in argento 925. La superficie \u00e8 placcata in oro e l&#8217;anello \u00e8 ornato da una scintillante pietra di zirconia cubica a forma di goccia e da div&#8230;<\/p>","protected":false},"featured_media":6600,"comment_status":"open","ping_status":"closed","template":"","meta":{"neve_meta_sidebar":"","neve_meta_container":"","neve_meta_enable_content_width":"","neve_meta_content_width":0,"neve_meta_title_alignment":"","neve_meta_author_avatar":"","neve_post_elements_order":"","neve_meta_disable_header":"","neve_meta_disable_footer":"","neve_meta_disable_title":"","neve_meta_reading_time":"","_themeisle_gutenberg_block_has_review":false},"product_brand":[],"product_cat":[42],"product_tag":[],"class_list":{"0":"post-6601","1":"product","2":"type-product","3":"status-publish","4":"has-post-thumbnail","6":"product_cat-gioielli","8":"first","9":"instock","10":"shipping-taxable","11":"purchasable","12":"product-type-simple"},"_links":{"self":[{"href":"https:\/\/glendajewels.com\/en\/wp-json\/wp\/v2\/product\/6601","targetHints":{"allow":["GET"]}}],"collection":[{"href":"https:\/\/glendajewels.com\/en\/wp-json\/wp\/v2\/product"}],"about":[{"href":"https:\/\/glendajewels.com\/en\/wp-json\/wp\/v2\/types\/product"}],"replies":[{"embeddable":true,"href":"https:\/\/glendajewels.com\/en\/wp-json\/wp\/v2\/comments?post=6601"}],"wp:featuredmedia":[{"embeddable":true,"href":"https:\/\/glendajewels.com\/en\/wp-json\/wp\/v2\/media\/6600"}],"wp:attachment":[{"href":"https:\/\/glendajewels.com\/en\/wp-json\/wp\/v2\/media?parent=6601"}],"wp:term":[{"taxonomy":"product_brand","embeddable":true,"href":"https:\/\/glendajewels.com\/en\/wp-json\/wp\/v2\/product_brand?post=6601"},{"taxonomy":"product_cat","embeddable":true,"href":"https:\/\/glendajewels.com\/en\/wp-json\/wp\/v2\/product_cat?post=6601"},{"taxonomy":"product_tag","embeddable":true,"href":"https:\/\/glendajewels.com\/en\/wp-json\/wp\/v2\/product_tag?post=6601"}],"curies":[{"name":"wp","href":"https:\/\/api.w.org\/{rel}","templated":true}]}}